{"id":1462,"date":"2024-07-05T16:54:41","date_gmt":"2024-07-05T09:54:41","guid":{"rendered":"https:\/\/gilita.com\/a-propos-de-nous\/"},"modified":"2025-02-21T15:04:12","modified_gmt":"2025-02-21T08:04:12","slug":"a-propos-de-nous","status":"publish","type":"page","link":"https:\/\/gilita.com\/fr\/a-propos-de-nous\/","title":{"rendered":"\u00c0 propos"},"content":{"rendered":"\t\t<div data-elementor-type=\"wp-page\" data-elementor-id=\"1462\" class=\"elementor elementor-1462 elementor-115\" data-elementor-post-type=\"page\">\n\t\t\t\t<div class=\"elementor-element elementor-element-1c437a4 e-grid e-con-boxed e-con e-parent\" data-id=\"1c437a4\" data-element_type=\"container\" data-e-type=\"container\">\n\t\t\t\t\t<div class=\"e-con-inner\">\n\t\t\t\t<div class=\"elementor-element elementor-element-d2397c2 elementor-widget elementor-widget-heading\" data-id=\"d2397c2\" data-element_type=\"widget\" data-e-type=\"widget\" data-widget_type=\"heading.default\">\n\t\t\t\t<div class=\"elementor-widget-container\">\n\t\t\t\t\t<h1 class=\"elementor-heading-title elementor-size-default\">\u00c0 PROPOS<\/h1>\t\t\t\t<\/div>\n\t\t\t\t<\/div>\n\t\t\t\t\t<\/div>\n\t\t\t\t<\/div>\n\t\t<div class=\"elementor-element elementor-element-73387e99 e-flex e-con-boxed e-con e-parent\" data-id=\"73387e99\" data-element_type=\"container\" data-e-type=\"container\" data-settings=\"{&quot;background_background&quot;:&quot;classic&quot;}\">\n\t\t\t\t\t<div class=\"e-con-inner\">\n\t\t<div class=\"elementor-element elementor-element-12e5699b e-con-full e-flex e-con e-child\" data-id=\"12e5699b\" data-element_type=\"container\" data-e-type=\"container\">\n\t\t\t\t<div class=\"elementor-element elementor-element-4efae09c elementor-widget elementor-widget-heading\" data-id=\"4efae09c\" data-element_type=\"widget\" data-e-type=\"widget\" data-widget_type=\"heading.default\">\n\t\t\t\t<div class=\"elementor-widget-container\">\n\t\t\t\t\t<h2 class=\"elementor-heading-title elementor-size-default\">L'\u00c9QUIPE GILITA<\/h2>\t\t\t\t<\/div>\n\t\t\t\t<\/div>\n\t\t\t\t<div class=\"elementor-element elementor-element-49082257 elementor-widget elementor-widget-text-editor\" data-id=\"49082257\" data-element_type=\"widget\" data-e-type=\"widget\" data-widget_type=\"text-editor.default\">\n\t\t\t\t<div class=\"elementor-widget-container\">\n\t\t\t\t\t\t\t\t\t<p>Notre \u00e9quipe est compos\u00e9e de voyageurs chevronn\u00e9s et d\u2019experts locaux. Dedi et Ham, nos dirigeants, poss\u00e8dent une connaissance in\u00e9gal\u00e9e des \u00eeles et de la vie marine d&rsquo;Indon\u00e9sie, garantissant que chaque exp\u00e9rience de plong\u00e9e sous-marine soit exceptionnelle. Julie, avec son exp\u00e9rience en conception de sites Web, en marketing num\u00e9rique et en activit\u00e9s de team-building, est la personne id\u00e9ale pour organiser votre voyage sur mesure.<\/p>\n\t\t\t\t\t\t\t\t<\/div>\n\t\t\t\t<\/div>\n\t\t\t\t<\/div>\n\t\t\t\t<div class=\"elementor-element elementor-element-77b7929b elementor-widget elementor-widget-image\" data-id=\"77b7929b\" data-element_type=\"widget\" data-e-type=\"widget\" data-widget_type=\"image.default\">\n\t\t\t\t<div class=\"elementor-widget-container\">\n\t\t\t\t\t\t\t\t\t\t\t\t\t\t\t<img fetchpriority=\"high\" decoding=\"async\" width=\"800\" height=\"493\" src=\"https:\/\/gilita.com\/wp-content\/uploads\/2024\/09\/gilita-team.jpg\" class=\"attachment-large size-large wp-image-1315\" alt=\"\" srcset=\"https:\/\/gilita.com\/wp-content\/uploads\/2024\/09\/gilita-team.jpg 980w, https:\/\/gilita.com\/wp-content\/uploads\/2024\/09\/gilita-team-300x185.jpg 300w, https:\/\/gilita.com\/wp-content\/uploads\/2024\/09\/gilita-team-768x473.jpg 768w\" sizes=\"(max-width: 800px) 100vw, 800px\" \/>\t\t\t\t\t\t\t\t\t\t\t\t\t\t\t<\/div>\n\t\t\t\t<\/div>\n\t\t\t\t\t<\/div>\n\t\t\t\t<\/div>\n\t\t<div class=\"elementor-element elementor-element-dc9111f e-flex e-con-boxed e-con e-parent\" data-id=\"dc9111f\" data-element_type=\"container\" data-e-type=\"container\" data-settings=\"{&quot;background_background&quot;:&quot;classic&quot;}\">\n\t\t\t\t\t<div class=\"e-con-inner\">\n\t\t\t\t<div class=\"elementor-element elementor-element-ca91d58 elementor-widget elementor-widget-image\" data-id=\"ca91d58\" data-element_type=\"widget\" data-e-type=\"widget\" data-widget_type=\"image.default\">\n\t\t\t\t<div class=\"elementor-widget-container\">\n\t\t\t\t\t\t\t\t\t\t\t\t\t\t\t<img decoding=\"async\" width=\"800\" height=\"568\" src=\"https:\/\/gilita.com\/wp-content\/uploads\/2024\/09\/discover.jpg\" class=\"attachment-large size-large wp-image-1317\" alt=\"\" srcset=\"https:\/\/gilita.com\/wp-content\/uploads\/2024\/09\/discover.jpg 900w, https:\/\/gilita.com\/wp-content\/uploads\/2024\/09\/discover-300x213.jpg 300w, https:\/\/gilita.com\/wp-content\/uploads\/2024\/09\/discover-768x545.jpg 768w\" sizes=\"(max-width: 800px) 100vw, 800px\" \/>\t\t\t\t\t\t\t\t\t\t\t\t\t\t\t<\/div>\n\t\t\t\t<\/div>\n\t\t<div class=\"elementor-element elementor-element-c1f7171 e-con-full e-flex e-con e-child\" data-id=\"c1f7171\" data-element_type=\"container\" data-e-type=\"container\">\n\t\t\t\t<div class=\"elementor-element elementor-element-ef90e5d elementor-widget elementor-widget-heading\" data-id=\"ef90e5d\" data-element_type=\"widget\" data-e-type=\"widget\" data-widget_type=\"heading.default\">\n\t\t\t\t<div class=\"elementor-widget-container\">\n\t\t\t\t\t<h2 class=\"elementor-heading-title elementor-size-default\">D\u00c9COUVREZ L'INDON\u00c9SIE AUTREMENT<\/h2>\t\t\t\t<\/div>\n\t\t\t\t<\/div>\n\t\t\t\t<div class=\"elementor-element elementor-element-e3ad779 elementor-widget elementor-widget-text-editor\" data-id=\"e3ad779\" data-element_type=\"widget\" data-e-type=\"widget\" data-widget_type=\"text-editor.default\">\n\t\t\t\t<div class=\"elementor-widget-container\">\n\t\t\t\t\t\t\t\t\t<p>Vous \u00eates fatigu\u00e9 des exp\u00e9riences de voyage standard ? Gili Travel Agency est install\u00e9e sur Gili Air et se sp\u00e9cialise dans l&rsquo;organisation de voyages hors des sentiers battus. Nous vous proposons des itin\u00e9raires personnalis\u00e9s adapt\u00e9s \u00e0 vos int\u00e9r\u00eats, vous garantissant une exp\u00e9rience de voyage unique et enrichissante. Dites adieu aux tracas des voyages en sac \u00e0 dos et des groupes de touristes impersonnels. Avec GiliTA, vous d\u00e9couvrirez l\u2019Indon\u00e9sie d\u2019une mani\u00e8re qui correspond \u00e0 vos passions et vos pr\u00e9f\u00e9rences.<\/p>\n\t\t\t\t\t\t\t\t<\/div>\n\t\t\t\t<\/div>\n\t\t\t\t<\/div>\n\t\t\t\t\t<\/div>\n\t\t\t\t<\/div>\n\t\t<div class=\"elementor-element elementor-element-a647089 e-flex e-con-boxed e-con e-parent\" data-id=\"a647089\" data-element_type=\"container\" data-e-type=\"container\" data-settings=\"{&quot;background_background&quot;:&quot;classic&quot;}\">\n\t\t\t\t\t<div class=\"e-con-inner\">\n\t\t<div class=\"elementor-element elementor-element-407b810 e-con-full e-flex e-con e-child\" data-id=\"407b810\" data-element_type=\"container\" data-e-type=\"container\">\n\t\t\t\t<div class=\"elementor-element elementor-element-36293e7 elementor-widget elementor-widget-heading\" data-id=\"36293e7\" data-element_type=\"widget\" data-e-type=\"widget\" data-widget_type=\"heading.default\">\n\t\t\t\t<div class=\"elementor-widget-container\">\n\t\t\t\t\t<h2 class=\"elementor-heading-title elementor-size-default\">LAISSEZ-NOUS PRENDRE<br>SOIN DE VOUS<\/h2>\t\t\t\t<\/div>\n\t\t\t\t<\/div>\n\t\t\t\t<div class=\"elementor-element elementor-element-7341461 elementor-widget elementor-widget-text-editor\" data-id=\"7341461\" data-element_type=\"widget\" data-e-type=\"widget\" data-widget_type=\"text-editor.default\">\n\t\t\t\t<div class=\"elementor-widget-container\">\n\t\t\t\t\t\t\t\t\t<p>De l&rsquo;accueil \u00e0 l&rsquo;a\u00e9roport jusqu&rsquo;\u00e0 la d\u00e9couverte de tout ce que l&rsquo;Indon\u00e9sie a \u00e0 offrir, nous nous occupons de tous les d\u00e9tails afin que vous puissiez vous concentrer sur le plaisir de votre voyage. Faites-nous confiance pour vous offrir une exp\u00e9rience de voyage sans soucis et sans stress, soutenue par notre savoir-faire et notre r\u00e9seau de partenaires de confiance.<\/p>\n\t\t\t\t\t\t\t\t<\/div>\n\t\t\t\t<\/div>\n\t\t\t\t<\/div>\n\t\t\t\t<div class=\"elementor-element elementor-element-8577fd8 elementor-widget elementor-widget-image\" data-id=\"8577fd8\" data-element_type=\"widget\" data-e-type=\"widget\" data-widget_type=\"image.default\">\n\t\t\t\t<div class=\"elementor-widget-container\">\n\t\t\t\t\t\t\t\t\t\t\t\t\t\t\t<img decoding=\"async\" width=\"800\" height=\"533\" src=\"https:\/\/gilita.com\/wp-content\/uploads\/2024\/09\/care.jpg\" class=\"attachment-large size-large wp-image-1318\" alt=\"\" srcset=\"https:\/\/gilita.com\/wp-content\/uploads\/2024\/09\/care.jpg 900w, https:\/\/gilita.com\/wp-content\/uploads\/2024\/09\/care-300x200.jpg 300w, https:\/\/gilita.com\/wp-content\/uploads\/2024\/09\/care-768x512.jpg 768w\" sizes=\"(max-width: 800px) 100vw, 800px\" \/>\t\t\t\t\t\t\t\t\t\t\t\t\t\t\t<\/div>\n\t\t\t\t<\/div>\n\t\t\t\t\t<\/div>\n\t\t\t\t<\/div>\n\t\t<div class=\"elementor-element elementor-element-063e55e e-flex e-con-boxed e-con e-parent\" data-id=\"063e55e\" data-element_type=\"container\" data-e-type=\"container\" data-settings=\"{&quot;background_background&quot;:&quot;classic&quot;}\">\n\t\t\t\t\t<div class=\"e-con-inner\">\n\t\t\t\t<div class=\"elementor-element elementor-element-a586fc0 elementor-widget elementor-widget-image\" data-id=\"a586fc0\" data-element_type=\"widget\" data-e-type=\"widget\" data-widget_type=\"image.default\">\n\t\t\t\t<div class=\"elementor-widget-container\">\n\t\t\t\t\t\t\t\t\t\t\t\t\t\t\t<img loading=\"lazy\" decoding=\"async\" width=\"800\" height=\"700\" src=\"https:\/\/gilita.com\/wp-content\/uploads\/2024\/09\/philosophy.jpg\" class=\"attachment-large size-large wp-image-1319\" alt=\"\" srcset=\"https:\/\/gilita.com\/wp-content\/uploads\/2024\/09\/philosophy.jpg 900w, https:\/\/gilita.com\/wp-content\/uploads\/2024\/09\/philosophy-300x263.jpg 300w, https:\/\/gilita.com\/wp-content\/uploads\/2024\/09\/philosophy-768x672.jpg 768w\" sizes=\"(max-width: 800px) 100vw, 800px\" \/>\t\t\t\t\t\t\t\t\t\t\t\t\t\t\t<\/div>\n\t\t\t\t<\/div>\n\t\t<div class=\"elementor-element elementor-element-8e15685 e-con-full e-flex e-con e-child\" data-id=\"8e15685\" data-element_type=\"container\" data-e-type=\"container\">\n\t\t\t\t<div class=\"elementor-element elementor-element-2784711 elementor-widget elementor-widget-heading\" data-id=\"2784711\" data-element_type=\"widget\" data-e-type=\"widget\" data-widget_type=\"heading.default\">\n\t\t\t\t<div class=\"elementor-widget-container\">\n\t\t\t\t\t<h2 class=\"elementor-heading-title elementor-size-default\">NOTRE PHILOSOPHIE DU VOYAGE<\/h2>\t\t\t\t<\/div>\n\t\t\t\t<\/div>\n\t\t\t\t<div class=\"elementor-element elementor-element-575f5ca elementor-widget elementor-widget-text-editor\" data-id=\"575f5ca\" data-element_type=\"widget\" data-e-type=\"widget\" data-widget_type=\"text-editor.default\">\n\t\t\t\t<div class=\"elementor-widget-container\">\n\t\t\t\t\t\t\t\t\t<p>Voyager ne se r\u00e9sume pas \u00e0 des h\u00f4tels tout compris ou \u00e0 des bus touristiques. Il s\u2019agit de trouver votre propre style et de vous connecter avec la nature et les communaut\u00e9s locales. Chez GiliTA, nous combinons nos connaissances, notre intuition et notre cr\u00e9ativit\u00e9 pour concevoir des vacances qui rajeunissent le voyageur avec paix et \u00e9nergie nouvelle. La vie est belle, il suffit de se laisser porter par son courant. D\u00e9couvrez l\u2019Indon\u00e9sie \u00e0 votre fa\u00e7on et laissez-vous emporter.<\/p>\n\t\t\t\t\t\t\t\t<\/div>\n\t\t\t\t<\/div>\n\t\t\t\t<\/div>\n\t\t\t\t\t<\/div>\n\t\t\t\t<\/div>\n\t\t\t\t<\/div>\n\t\t","protected":false},"excerpt":{"rendered":"<p>\u00c0 PROPOS L&rsquo;\u00c9QUIPE GILITA Notre \u00e9quipe est compos\u00e9e de voyageurs chevronn\u00e9s et d\u2019experts locaux. Dedi et Ham, nos dirigeants, poss\u00e8dent une connaissance in\u00e9gal\u00e9e des \u00eeles et de la vie marine d&rsquo;Indon\u00e9sie, garantissant que chaque exp\u00e9rience de plong\u00e9e sous-marine soit exceptionnelle. Julie, avec son exp\u00e9rience en conception de sites Web, en marketing num\u00e9rique et en activit\u00e9s [&hellip;]<\/p>\n","protected":false},"author":1,"featured_media":0,"parent":0,"menu_order":0,"comment_status":"closed","ping_status":"closed","template":"","meta":{"footnotes":""},"class_list":["post-1462","page","type-page","status-publish","hentry"],"_links":{"self":[{"href":"https:\/\/gilita.com\/fr\/wp-json\/wp\/v2\/pages\/1462","targetHints":{"allow":["GET"]}}],"collection":[{"href":"https:\/\/gilita.com\/fr\/wp-json\/wp\/v2\/pages"}],"about":[{"href":"https:\/\/gilita.com\/fr\/wp-json\/wp\/v2\/types\/page"}],"author":[{"embeddable":true,"href":"https:\/\/gilita.com\/fr\/wp-json\/wp\/v2\/users\/1"}],"replies":[{"embeddable":true,"href":"https:\/\/gilita.com\/fr\/wp-json\/wp\/v2\/comments?post=1462"}],"version-history":[{"count":5,"href":"https:\/\/gilita.com\/fr\/wp-json\/wp\/v2\/pages\/1462\/revisions"}],"predecessor-version":[{"id":1661,"href":"https:\/\/gilita.com\/fr\/wp-json\/wp\/v2\/pages\/1462\/revisions\/1661"}],"wp:attachment":[{"href":"https:\/\/gilita.com\/fr\/wp-json\/wp\/v2\/media?parent=1462"}],"curies":[{"name":"wp","href":"https:\/\/api.w.org\/{rel}","templated":true}]}}