{"id":1469,"date":"2024-07-09T21:46:29","date_gmt":"2024-07-09T14:46:29","guid":{"rendered":"https:\/\/gilita.com\/carrieres\/"},"modified":"2025-02-21T14:47:10","modified_gmt":"2025-02-21T07:47:10","slug":"carrieres","status":"publish","type":"page","link":"https:\/\/gilita.com\/fr\/carrieres\/","title":{"rendered":"Jobs"},"content":{"rendered":"\t\t<div data-elementor-type=\"wp-page\" data-elementor-id=\"1469\" class=\"elementor elementor-1469 elementor-150\" data-elementor-post-type=\"page\">\n\t\t\t\t<div class=\"elementor-element elementor-element-c1eb1ac e-grid e-con-boxed e-con e-parent\" data-id=\"c1eb1ac\" data-element_type=\"container\" data-e-type=\"container\">\n\t\t\t\t\t<div class=\"e-con-inner\">\n\t\t\t\t<div class=\"elementor-element elementor-element-2d5e351 elementor-widget elementor-widget-heading\" data-id=\"2d5e351\" data-element_type=\"widget\" data-e-type=\"widget\" data-widget_type=\"heading.default\">\n\t\t\t\t<div class=\"elementor-widget-container\">\n\t\t\t\t\t<h1 class=\"elementor-heading-title elementor-size-default\">JOBS<\/h1>\t\t\t\t<\/div>\n\t\t\t\t<\/div>\n\t\t\t\t<div class=\"elementor-element elementor-element-4fb4020 elementor-widget-divider--view-line elementor-widget elementor-widget-divider\" data-id=\"4fb4020\" data-element_type=\"widget\" data-e-type=\"widget\" data-widget_type=\"divider.default\">\n\t\t\t\t<div class=\"elementor-widget-container\">\n\t\t\t\t\t\t\t<div class=\"elementor-divider\">\n\t\t\t<span class=\"elementor-divider-separator\">\n\t\t\t\t\t\t<\/span>\n\t\t<\/div>\n\t\t\t\t\t\t<\/div>\n\t\t\t\t<\/div>\n\t\t\t\t\t<\/div>\n\t\t\t\t<\/div>\n\t\t<div class=\"elementor-element elementor-element-43bdd12 e-grid e-con-boxed e-con e-parent\" data-id=\"43bdd12\" data-element_type=\"container\" data-e-type=\"container\">\n\t\t\t\t\t<div class=\"e-con-inner\">\n\t\t\t\t<div class=\"elementor-element elementor-element-97dd00e elementor-widget elementor-widget-heading\" data-id=\"97dd00e\" data-element_type=\"widget\" data-e-type=\"widget\" data-widget_type=\"heading.default\">\n\t\t\t\t<div class=\"elementor-widget-container\">\n\t\t\t\t\t<h2 class=\"elementor-heading-title elementor-size-default\">Rejoignez la famille GiliTA :<br>Votre prochaine opportunit\u00e9 de carri\u00e8re vous attend !<\/h2>\t\t\t\t<\/div>\n\t\t\t\t<\/div>\n\t\t\t\t<div class=\"elementor-element elementor-element-2fad0bf elementor-widget elementor-widget-text-editor\" data-id=\"2fad0bf\" data-element_type=\"widget\" data-e-type=\"widget\" data-widget_type=\"text-editor.default\">\n\t\t\t\t<div class=\"elementor-widget-container\">\n\t\t\t\t\t\t\t\t\t<p><span style=\"font-weight: 400;\">Vous recherchez un nouvel emploi passionnant ? Nous sommes constamment \u00e0 la recherche de nouveaux talents pour rejoindre notre \u00e9quipe dynamique chez GiliTA. Voici un aper\u00e7u de ce que nous valorisons et de la fa\u00e7on dont nous travaillons :<\/span><\/p>\n\t\t\t\t\t\t\t\t<\/div>\n\t\t\t\t<\/div>\n\t\t\t\t<div class=\"elementor-element elementor-element-f11fdfc elementor-widget elementor-widget-heading\" data-id=\"f11fdfc\" data-element_type=\"widget\" data-e-type=\"widget\" data-widget_type=\"heading.default\">\n\t\t\t\t<div class=\"elementor-widget-container\">\n\t\t\t\t\t<h3 class=\"elementor-heading-title elementor-size-default\">Nos valeurs fondamentales<\/h3>\t\t\t\t<\/div>\n\t\t\t\t<\/div>\n\t\t\t\t<div class=\"elementor-element elementor-element-649694c elementor-widget elementor-widget-text-editor\" data-id=\"649694c\" data-element_type=\"widget\" data-e-type=\"widget\" data-widget_type=\"text-editor.default\">\n\t\t\t\t<div class=\"elementor-widget-container\">\n\t\t\t\t\t\t\t\t\t<p>Bonheur<br \/>Travail d&rsquo;\u00e9quipe<br \/>Perfection<br \/>Justice<br \/>\u00c9galit\u00e9<br \/>Solutions<br \/>Cr\u00e9ativit\u00e9<br \/>Rire<br \/>Professionnalisme<br \/>Ponctualit\u00e9<br \/>\u00c9quilibre<br \/>Efficacit\u00e9<br \/>Efficacit\u00e9<br \/>Tol\u00e9rance<br \/>Endurance<br \/>D\u00e9termination<br \/>Patience<br \/>Confiance<br \/>Gratitude<\/p>\n\t\t\t\t\t\t\t\t<\/div>\n\t\t\t\t<\/div>\n\t\t\t\t<div class=\"elementor-element elementor-element-4f5805c elementor-widget elementor-widget-heading\" data-id=\"4f5805c\" data-element_type=\"widget\" data-e-type=\"widget\" data-widget_type=\"heading.default\">\n\t\t\t\t<div class=\"elementor-widget-container\">\n\t\t\t\t\t<h3 class=\"elementor-heading-title elementor-size-default\">Embrassez la cr\u00e9ativit\u00e9 avec nous<\/h3>\t\t\t\t<\/div>\n\t\t\t\t<\/div>\n\t\t\t\t<div class=\"elementor-element elementor-element-0014d16 elementor-widget elementor-widget-text-editor\" data-id=\"0014d16\" data-element_type=\"widget\" data-e-type=\"widget\" data-widget_type=\"text-editor.default\">\n\t\t\t\t<div class=\"elementor-widget-container\">\n\t\t\t\t\t\t\t\t\t<p><span style=\"font-weight: 400;\">Chez GiliTA, la cr\u00e9ativit\u00e9 s\u2019\u00e9panouit lorsque nous collaborons en \u00e9quipe dans un environnement de travail positif et sain. Nous sommes fiers d\u2019\u00eatre un lieu d\u2019amiti\u00e9 et d\u2019\u00e9change mutuel. Bien que nous ayons un seul leader pour nous guider, nous maintenons une politique de porte ouverte avec notre bo\u00eete \u00e0 id\u00e9es, encourageant chacun \u00e0 partager ses pens\u00e9es et ses suggestions.  Votre contribution est tr\u00e8s appr\u00e9ci\u00e9e alors que nous nous effor\u00e7ons d\u2019atteindre l\u2019excellence au quotidien et la perfection \u00e0 long terme.<\/span><\/p>\n\t\t\t\t\t\t\t\t<\/div>\n\t\t\t\t<\/div>\n\t\t\t\t<div class=\"elementor-element elementor-element-76b9cf0 elementor-widget elementor-widget-heading\" data-id=\"76b9cf0\" data-element_type=\"widget\" data-e-type=\"widget\" data-widget_type=\"heading.default\">\n\t\t\t\t<div class=\"elementor-widget-container\">\n\t\t\t\t\t<h3 class=\"elementor-heading-title elementor-size-default\">Vivez l'esprit de famille<\/h3>\t\t\t\t<\/div>\n\t\t\t\t<\/div>\n\t\t\t\t<div class=\"elementor-element elementor-element-d87d9ea elementor-widget elementor-widget-text-editor\" data-id=\"d87d9ea\" data-element_type=\"widget\" data-e-type=\"widget\" data-widget_type=\"text-editor.default\">\n\t\t\t\t<div class=\"elementor-widget-container\">\n\t\t\t\t\t\t\t\t\t<p><span style=\"font-weight: 400;\">Travailler chez GiliTA, c&rsquo;est faire partie d&rsquo;une famille. Nous fonctionnons comme une \u00e9quipe soud\u00e9e o\u00f9 chacun se soutient mutuellement. L&rsquo;\u00e9thique ici est que chacun contribue \u00e0 tout, garantissant que nous g\u00e9rons Slow de la meilleure fa\u00e7on possible, unis comme une seule famille heureuse.<\/span><\/p>\n<p><span style=\"font-weight: 400;\">\u00cates-vous pr\u00eat \u00e0 apporter vos talents \u00e0 notre famille ? Rejoignez-nous et d\u00e9couvrez un lieu de travail o\u00f9 votre voix compte, votre cr\u00e9ativit\u00e9 est nourrie et vos contributions ont un r\u00e9el impact.<\/span><\/p>\n\t\t\t\t\t\t\t\t<\/div>\n\t\t\t\t<\/div>\n\t\t\t\t<div class=\"elementor-element elementor-element-aa33084 elementor-align-left elementor-widget elementor-widget-button\" data-id=\"aa33084\" data-element_type=\"widget\" data-e-type=\"widget\" data-widget_type=\"button.default\">\n\t\t\t\t<div class=\"elementor-widget-container\">\n\t\t\t\t\t\t\t\t\t<div class=\"elementor-button-wrapper\">\n\t\t\t\t\t<a class=\"elementor-button elementor-button-link elementor-size-lg elementor-animation-grow\" href=\"mailto:AskJulie@GiliTA.com\" target=\"_blank\">\n\t\t\t\t\t\t<span class=\"elementor-button-content-wrapper\">\n\t\t\t\t\t\t\t\t\t<span class=\"elementor-button-text\">Postulez maintenant et grandissons ensemble !<\/span>\n\t\t\t\t\t<\/span>\n\t\t\t\t\t<\/a>\n\t\t\t\t<\/div>\n\t\t\t\t\t\t\t\t<\/div>\n\t\t\t\t<\/div>\n\t\t\t\t\t<\/div>\n\t\t\t\t<\/div>\n\t\t\t\t<\/div>\n\t\t","protected":false},"excerpt":{"rendered":"<p>JOBS Rejoignez la famille GiliTA :Votre prochaine opportunit\u00e9 de carri\u00e8re vous attend ! Vous recherchez un nouvel emploi passionnant ? Nous sommes constamment \u00e0 la recherche de nouveaux talents pour rejoindre notre \u00e9quipe dynamique chez GiliTA. Voici un aper\u00e7u de ce que nous valorisons et de la fa\u00e7on dont nous travaillons : Nos valeurs fondamentales [&hellip;]<\/p>\n","protected":false},"author":1,"featured_media":0,"parent":0,"menu_order":0,"comment_status":"closed","ping_status":"closed","template":"","meta":{"footnotes":""},"class_list":["post-1469","page","type-page","status-publish","hentry"],"_links":{"self":[{"href":"https:\/\/gilita.com\/fr\/wp-json\/wp\/v2\/pages\/1469","targetHints":{"allow":["GET"]}}],"collection":[{"href":"https:\/\/gilita.com\/fr\/wp-json\/wp\/v2\/pages"}],"about":[{"href":"https:\/\/gilita.com\/fr\/wp-json\/wp\/v2\/types\/page"}],"author":[{"embeddable":true,"href":"https:\/\/gilita.com\/fr\/wp-json\/wp\/v2\/users\/1"}],"replies":[{"embeddable":true,"href":"https:\/\/gilita.com\/fr\/wp-json\/wp\/v2\/comments?post=1469"}],"version-history":[{"count":7,"href":"https:\/\/gilita.com\/fr\/wp-json\/wp\/v2\/pages\/1469\/revisions"}],"predecessor-version":[{"id":1653,"href":"https:\/\/gilita.com\/fr\/wp-json\/wp\/v2\/pages\/1469\/revisions\/1653"}],"wp:attachment":[{"href":"https:\/\/gilita.com\/fr\/wp-json\/wp\/v2\/media?parent=1469"}],"curies":[{"name":"wp","href":"https:\/\/api.w.org\/{rel}","templated":true}]}}