{"id":1506,"date":"2024-07-09T23:14:40","date_gmt":"2024-07-09T16:14:40","guid":{"rendered":"https:\/\/gilita.com\/forfaits-sur-mesure\/"},"modified":"2025-02-21T16:04:25","modified_gmt":"2025-02-21T09:04:25","slug":"forfaits-sur-mesure","status":"publish","type":"page","link":"https:\/\/gilita.com\/fr\/forfaits-sur-mesure\/","title":{"rendered":"Forfaits sur mesure"},"content":{"rendered":"\t\t<div data-elementor-type=\"wp-page\" data-elementor-id=\"1506\" class=\"elementor elementor-1506 elementor-265\" data-elementor-post-type=\"page\">\n\t\t\t\t<div class=\"elementor-element elementor-element-611064b e-grid e-con-boxed e-con e-parent\" data-id=\"611064b\" data-element_type=\"container\" data-e-type=\"container\">\n\t\t\t\t\t<div class=\"e-con-inner\">\n\t\t\t\t<div class=\"elementor-element elementor-element-e78d4a6 elementor-widget elementor-widget-heading\" data-id=\"e78d4a6\" data-element_type=\"widget\" data-e-type=\"widget\" data-widget_type=\"heading.default\">\n\t\t\t\t<div class=\"elementor-widget-container\">\n\t\t\t\t\t<h1 class=\"elementor-heading-title elementor-size-default\">FORFAITS SUR MESURE<\/h1>\t\t\t\t<\/div>\n\t\t\t\t<\/div>\n\t\t\t\t<div class=\"elementor-element elementor-element-4946d9c elementor-widget elementor-widget-text-editor\" data-id=\"4946d9c\" data-element_type=\"widget\" data-e-type=\"widget\" data-widget_type=\"text-editor.default\">\n\t\t\t\t<div class=\"elementor-widget-container\">\n\t\t\t\t\t\t\t\t\t<p><span style=\"font-weight: 400;\">D\u00e9couvrez l&rsquo;Indon\u00e9sie comme jamais auparavant avec Gili Travel Agency ! Avec 15 ans d&rsquo;exp\u00e9rience et de partenariats locaux, nous vous d\u00e9voilons les destinations les plus exquises et hors des sentiers battus. D\u00e9couvrez l&rsquo;Indon\u00e9sie comme un local !  <\/span><\/p>\n\t\t\t\t\t\t\t\t<\/div>\n\t\t\t\t<\/div>\n\t\t\t\t\t<\/div>\n\t\t\t\t<\/div>\n\t\t<div class=\"elementor-element elementor-element-126b4b22 e-grid e-con-boxed e-con e-parent\" data-id=\"126b4b22\" data-element_type=\"container\" data-e-type=\"container\">\n\t\t\t\t\t<div class=\"e-con-inner\">\n\t\t<div class=\"elementor-element elementor-element-61bee7fd e-con-full e-flex e-con e-child\" data-id=\"61bee7fd\" data-element_type=\"container\" data-e-type=\"container\">\n\t\t\t\t<div class=\"elementor-element elementor-element-1ecf3f8d elementor-widget elementor-widget-heading\" data-id=\"1ecf3f8d\" data-element_type=\"widget\" data-e-type=\"widget\" data-widget_type=\"heading.default\">\n\t\t\t\t<div class=\"elementor-widget-container\">\n\t\t\t\t\t<h2 class=\"elementor-heading-title elementor-size-default\">D\u00e9couvrez nos forfaits personnalis\u00e9s sans plus attendre !<\/h2>\t\t\t\t<\/div>\n\t\t\t\t<\/div>\n\t\t<div class=\"elementor-element elementor-element-f7c5340 e-grid e-con-full e-con e-child\" data-id=\"f7c5340\" data-element_type=\"container\" data-e-type=\"container\">\n\t\t<div class=\"elementor-element elementor-element-902be3e e-con-full e-flex e-con e-child\" data-id=\"902be3e\" data-element_type=\"container\" data-e-type=\"container\">\n\t\t\t\t<div class=\"elementor-element elementor-element-bdac68b elementor-widget elementor-widget-image\" data-id=\"bdac68b\" data-element_type=\"widget\" data-e-type=\"widget\" data-widget_type=\"image.default\">\n\t\t\t\t<div class=\"elementor-widget-container\">\n\t\t\t\t\t\t\t\t\t\t\t\t\t\t\t\t<a href=\"https:\/\/gilita.com\/tailor-made-packages\/eco-explorers-green-kids-give-back-project\/\">\n\t\t\t\t\t\t\t<img fetchpriority=\"high\" decoding=\"async\" width=\"800\" height=\"545\" src=\"https:\/\/gilita.com\/wp-content\/uploads\/2024\/12\/Copy-of-photos-blog-2-1024x698.png\" class=\"attachment-large size-large wp-image-1403\" alt=\"\" srcset=\"https:\/\/gilita.com\/wp-content\/uploads\/2024\/12\/Copy-of-photos-blog-2-1024x698.png 1024w, https:\/\/gilita.com\/wp-content\/uploads\/2024\/12\/Copy-of-photos-blog-2-300x204.png 300w, https:\/\/gilita.com\/wp-content\/uploads\/2024\/12\/Copy-of-photos-blog-2-768x523.png 768w, https:\/\/gilita.com\/wp-content\/uploads\/2024\/12\/Copy-of-photos-blog-2.png 1350w\" sizes=\"(max-width: 800px) 100vw, 800px\" \/>\t\t\t\t\t\t\t\t<\/a>\n\t\t\t\t\t\t\t\t\t\t\t\t\t\t\t<\/div>\n\t\t\t\t<\/div>\n\t\t\t\t<div class=\"elementor-element elementor-element-39966e3 elementor-widget elementor-widget-heading\" data-id=\"39966e3\" data-element_type=\"widget\" data-e-type=\"widget\" data-widget_type=\"heading.default\">\n\t\t\t\t<div class=\"elementor-widget-container\">\n\t\t\t\t\t<h3 class=\"elementor-heading-title elementor-size-default\">ECO EXPLORERS: LE PROJET \"GREEN KIDS GIVE BACK\"<\/h3>\t\t\t\t<\/div>\n\t\t\t\t<\/div>\n\t\t\t\t<div class=\"elementor-element elementor-element-82329f5 elementor-widget elementor-widget-text-editor\" data-id=\"82329f5\" data-element_type=\"widget\" data-e-type=\"widget\" data-widget_type=\"text-editor.default\">\n\t\t\t\t<div class=\"elementor-widget-container\">\n\t\t\t\t\t\t\t\t\t<p><span style=\"color: var( --e-global-color-text ); font-family: var( --e-global-typography-text-font-family ), Sans-serif; font-size: var( --e-global-typography-text-font-size ); font-weight: var( --e-global-typography-text-font-weight ); letter-spacing: var( --e-global-typography-text-letter-spacing ); word-spacing: var( --e-global-typography-text-word-spacing ); text-align: var(--text-align);\">Le projet Green Kids Give Back invite les jeunes aventuriers (\u00e2g\u00e9s de 15 \u00e0 20 ans) \u00e0 explorer l&rsquo;oc\u00e9an et la communaut\u00e9 de Gili Air, tout en contribuant \u00e0 la restauration \u00e9cologique et en cr\u00e9ant des souvenirs durables gr\u00e2ce \u00e0 l&rsquo;\u00e9ducation environnementale.<\/span><\/p>\n\t\t\t\t\t\t\t\t<\/div>\n\t\t\t\t<\/div>\n\t\t\t\t<div class=\"elementor-element elementor-element-7c42888 elementor-align-left elementor-widget elementor-widget-button\" data-id=\"7c42888\" data-element_type=\"widget\" data-e-type=\"widget\" data-widget_type=\"button.default\">\n\t\t\t\t<div class=\"elementor-widget-container\">\n\t\t\t\t\t\t\t\t\t<div class=\"elementor-button-wrapper\">\n\t\t\t\t\t<a class=\"elementor-button elementor-button-link elementor-size-lg elementor-animation-grow\" href=\"https:\/\/gilita.com\/tailor-made-packages\/eco-explorers-green-kids-give-back-project\/\">\n\t\t\t\t\t\t<span class=\"elementor-button-content-wrapper\">\n\t\t\t\t\t\t\t\t\t<span class=\"elementor-button-text\">Plus d'informations<\/span>\n\t\t\t\t\t<\/span>\n\t\t\t\t\t<\/a>\n\t\t\t\t<\/div>\n\t\t\t\t\t\t\t\t<\/div>\n\t\t\t\t<\/div>\n\t\t\t\t<\/div>\n\t\t<div class=\"elementor-element elementor-element-1176784 e-con-full e-flex e-con e-child\" data-id=\"1176784\" data-element_type=\"container\" data-e-type=\"container\">\n\t\t\t\t<div class=\"elementor-element elementor-element-82c8562 elementor-widget elementor-widget-image\" data-id=\"82c8562\" data-element_type=\"widget\" data-e-type=\"widget\" data-widget_type=\"image.default\">\n\t\t\t\t<div class=\"elementor-widget-container\">\n\t\t\t\t\t\t\t\t\t\t\t\t\t\t\t\t<a href=\"https:\/\/gilita.com\/fr\/forfaits-sur-mesure\/forfait-spa-et-romance\/\">\n\t\t\t\t\t\t\t<img decoding=\"async\" width=\"648\" height=\"432\" src=\"https:\/\/gilita.com\/wp-content\/uploads\/2024\/10\/spa-and-romance.jpg\" class=\"attachment-large size-large wp-image-1349\" alt=\"\" srcset=\"https:\/\/gilita.com\/wp-content\/uploads\/2024\/10\/spa-and-romance.jpg 648w, https:\/\/gilita.com\/wp-content\/uploads\/2024\/10\/spa-and-romance-300x200.jpg 300w\" sizes=\"(max-width: 648px) 100vw, 648px\" \/>\t\t\t\t\t\t\t\t<\/a>\n\t\t\t\t\t\t\t\t\t\t\t\t\t\t\t<\/div>\n\t\t\t\t<\/div>\n\t\t\t\t<div class=\"elementor-element elementor-element-b92ace5 elementor-widget elementor-widget-heading\" data-id=\"b92ace5\" data-element_type=\"widget\" data-e-type=\"widget\" data-widget_type=\"heading.default\">\n\t\t\t\t<div class=\"elementor-widget-container\">\n\t\t\t\t\t<h3 class=\"elementor-heading-title elementor-size-default\">Forfait Spa et Romance<\/h3>\t\t\t\t<\/div>\n\t\t\t\t<\/div>\n\t\t\t\t<div class=\"elementor-element elementor-element-e347edb elementor-widget elementor-widget-text-editor\" data-id=\"e347edb\" data-element_type=\"widget\" data-e-type=\"widget\" data-widget_type=\"text-editor.default\">\n\t\t\t\t<div class=\"elementor-widget-container\">\n\t\t\t\t\t\t\t\t\t<p>Impressionnez votre bien-aim\u00e9(e) et passez des vacances inoubliables. Quoi de plus romantique qu&rsquo;une escapade de luxe \u00e0 deux ? Ce forfait a \u00e9t\u00e9 sp\u00e9cialement con\u00e7u pour c\u00e9l\u00e9brer toutes vos occasions romantiques !  <\/p>\n\t\t\t\t\t\t\t\t<\/div>\n\t\t\t\t<\/div>\n\t\t\t\t<div class=\"elementor-element elementor-element-5dfb480 elementor-align-left elementor-widget elementor-widget-button\" data-id=\"5dfb480\" data-element_type=\"widget\" data-e-type=\"widget\" data-widget_type=\"button.default\">\n\t\t\t\t<div class=\"elementor-widget-container\">\n\t\t\t\t\t\t\t\t\t<div class=\"elementor-button-wrapper\">\n\t\t\t\t\t<a class=\"elementor-button elementor-button-link elementor-size-lg elementor-animation-grow\" href=\"https:\/\/gilita.com\/fr\/forfaits-sur-mesure\/forfait-spa-et-romance\/\">\n\t\t\t\t\t\t<span class=\"elementor-button-content-wrapper\">\n\t\t\t\t\t\t\t\t\t<span class=\"elementor-button-text\">Plus d'informations<\/span>\n\t\t\t\t\t<\/span>\n\t\t\t\t\t<\/a>\n\t\t\t\t<\/div>\n\t\t\t\t\t\t\t\t<\/div>\n\t\t\t\t<\/div>\n\t\t\t\t<\/div>\n\t\t<div class=\"elementor-element elementor-element-58394eb e-con-full e-flex e-con e-child\" data-id=\"58394eb\" data-element_type=\"container\" data-e-type=\"container\">\n\t\t\t\t<div class=\"elementor-element elementor-element-d604d73 elementor-widget elementor-widget-image\" data-id=\"d604d73\" data-element_type=\"widget\" data-e-type=\"widget\" data-widget_type=\"image.default\">\n\t\t\t\t<div class=\"elementor-widget-container\">\n\t\t\t\t\t\t\t\t\t\t\t\t\t\t\t\t<a href=\"https:\/\/gilita.com\/tailor-made-packages\/luxury-honeymoon\/\">\n\t\t\t\t\t\t\t<img decoding=\"async\" width=\"648\" height=\"432\" src=\"https:\/\/gilita.com\/wp-content\/uploads\/2024\/10\/honeymoon.jpg\" class=\"attachment-large size-large wp-image-1350\" alt=\"\" srcset=\"https:\/\/gilita.com\/wp-content\/uploads\/2024\/10\/honeymoon.jpg 648w, https:\/\/gilita.com\/wp-content\/uploads\/2024\/10\/honeymoon-300x200.jpg 300w\" sizes=\"(max-width: 648px) 100vw, 648px\" \/>\t\t\t\t\t\t\t\t<\/a>\n\t\t\t\t\t\t\t\t\t\t\t\t\t\t\t<\/div>\n\t\t\t\t<\/div>\n\t\t\t\t<div class=\"elementor-element elementor-element-6e616bc elementor-widget elementor-widget-heading\" data-id=\"6e616bc\" data-element_type=\"widget\" data-e-type=\"widget\" data-widget_type=\"heading.default\">\n\t\t\t\t<div class=\"elementor-widget-container\">\n\t\t\t\t\t<h2 class=\"elementor-heading-title elementor-size-default\">Lune de miel de luxe<\/h2>\t\t\t\t<\/div>\n\t\t\t\t<\/div>\n\t\t\t\t<div class=\"elementor-element elementor-element-a4d88e3 elementor-widget elementor-widget-text-editor\" data-id=\"a4d88e3\" data-element_type=\"widget\" data-e-type=\"widget\" data-widget_type=\"text-editor.default\">\n\t\t\t\t<div class=\"elementor-widget-container\">\n\t\t\t\t\t\t\t\t\t<p><span style=\"font-weight: 400;\">Ressourcez-vous pendant votre lune de miel. Promenez-vous dans des rizi\u00e8res luxuriantes, impr\u00e9gnez-vous de la culture locale et profitez d&rsquo;un luxe incomparable sur des \u00eeles paradisiaques. <\/span><\/p>\n\t\t\t\t\t\t\t\t<\/div>\n\t\t\t\t<\/div>\n\t\t\t\t<div class=\"elementor-element elementor-element-2c9a29c elementor-align-left elementor-widget elementor-widget-button\" data-id=\"2c9a29c\" data-element_type=\"widget\" data-e-type=\"widget\" data-widget_type=\"button.default\">\n\t\t\t\t<div class=\"elementor-widget-container\">\n\t\t\t\t\t\t\t\t\t<div class=\"elementor-button-wrapper\">\n\t\t\t\t\t<a class=\"elementor-button elementor-button-link elementor-size-lg elementor-animation-grow\" href=\"https:\/\/gilita.com\/tailor-made-packages\/luxury-honeymoon\/\">\n\t\t\t\t\t\t<span class=\"elementor-button-content-wrapper\">\n\t\t\t\t\t\t\t\t\t<span class=\"elementor-button-text\">Plus d'informations<\/span>\n\t\t\t\t\t<\/span>\n\t\t\t\t\t<\/a>\n\t\t\t\t<\/div>\n\t\t\t\t\t\t\t\t<\/div>\n\t\t\t\t<\/div>\n\t\t\t\t<\/div>\n\t\t<div class=\"elementor-element elementor-element-1a45e94 e-con-full e-flex e-con e-child\" data-id=\"1a45e94\" data-element_type=\"container\" data-e-type=\"container\">\n\t\t\t\t<div class=\"elementor-element elementor-element-87a58eb elementor-widget elementor-widget-image\" data-id=\"87a58eb\" data-element_type=\"widget\" data-e-type=\"widget\" data-widget_type=\"image.default\">\n\t\t\t\t<div class=\"elementor-widget-container\">\n\t\t\t\t\t\t\t\t\t\t\t\t\t\t\t\t<a href=\"https:\/\/gilita.com\/tailor-made-packages\/sulawesi-family-holiday\/\">\n\t\t\t\t\t\t\t<img loading=\"lazy\" decoding=\"async\" width=\"648\" height=\"432\" src=\"https:\/\/gilita.com\/wp-content\/uploads\/2024\/10\/sulawesi.jpg\" class=\"attachment-large size-large wp-image-1351\" alt=\"\" srcset=\"https:\/\/gilita.com\/wp-content\/uploads\/2024\/10\/sulawesi.jpg 648w, https:\/\/gilita.com\/wp-content\/uploads\/2024\/10\/sulawesi-300x200.jpg 300w\" sizes=\"(max-width: 648px) 100vw, 648px\" \/>\t\t\t\t\t\t\t\t<\/a>\n\t\t\t\t\t\t\t\t\t\t\t\t\t\t\t<\/div>\n\t\t\t\t<\/div>\n\t\t\t\t<div class=\"elementor-element elementor-element-4b8cfab elementor-widget elementor-widget-heading\" data-id=\"4b8cfab\" data-element_type=\"widget\" data-e-type=\"widget\" data-widget_type=\"heading.default\">\n\t\t\t\t<div class=\"elementor-widget-container\">\n\t\t\t\t\t<h2 class=\"elementor-heading-title elementor-size-default\">Vacances en famille \u00e0 Sulawesi<\/h2>\t\t\t\t<\/div>\n\t\t\t\t<\/div>\n\t\t\t\t<div class=\"elementor-element elementor-element-a59aa47 elementor-widget elementor-widget-text-editor\" data-id=\"a59aa47\" data-element_type=\"widget\" data-e-type=\"widget\" data-widget_type=\"text-editor.default\">\n\t\t\t\t<div class=\"elementor-widget-container\">\n\t\t\t\t\t\t\t\t\t<p>Ressourcez-vous, amusez-vous, promenez-vous dans les rizi\u00e8res, plongez dans la culture et faites-vous plaisir sur des \u00eeles paradisiaques.<\/p>\n\t\t\t\t\t\t\t\t<\/div>\n\t\t\t\t<\/div>\n\t\t\t\t<div class=\"elementor-element elementor-element-dec1b3f elementor-align-left elementor-widget elementor-widget-button\" data-id=\"dec1b3f\" data-element_type=\"widget\" data-e-type=\"widget\" data-widget_type=\"button.default\">\n\t\t\t\t<div class=\"elementor-widget-container\">\n\t\t\t\t\t\t\t\t\t<div class=\"elementor-button-wrapper\">\n\t\t\t\t\t<a class=\"elementor-button elementor-button-link elementor-size-lg elementor-animation-grow\" href=\"https:\/\/gilita.com\/tailor-made-packages\/sulawesi-family-holiday\/\">\n\t\t\t\t\t\t<span class=\"elementor-button-content-wrapper\">\n\t\t\t\t\t\t\t\t\t<span class=\"elementor-button-text\">Plus d'informations<\/span>\n\t\t\t\t\t<\/span>\n\t\t\t\t\t<\/a>\n\t\t\t\t<\/div>\n\t\t\t\t\t\t\t\t<\/div>\n\t\t\t\t<\/div>\n\t\t\t\t<\/div>\n\t\t\t\t<\/div>\n\t\t\t\t<\/div>\n\t\t\t\t\t<\/div>\n\t\t\t\t<\/div>\n\t\t\t\t<\/div>\n\t\t","protected":false},"excerpt":{"rendered":"<p>FORFAITS SUR MESURE D\u00e9couvrez l&rsquo;Indon\u00e9sie comme jamais auparavant avec Gili Travel Agency ! Avec 15 ans d&rsquo;exp\u00e9rience et de partenariats locaux, nous vous d\u00e9voilons les destinations les plus exquises et hors des sentiers battus. D\u00e9couvrez l&rsquo;Indon\u00e9sie comme un local ! D\u00e9couvrez nos forfaits personnalis\u00e9s sans plus attendre ! ECO EXPLORERS: LE PROJET \u00ab\u00a0GREEN KIDS GIVE [&hellip;]<\/p>\n","protected":false},"author":1,"featured_media":0,"parent":0,"menu_order":0,"comment_status":"closed","ping_status":"closed","template":"","meta":{"footnotes":""},"class_list":["post-1506","page","type-page","status-publish","hentry"],"_links":{"self":[{"href":"https:\/\/gilita.com\/fr\/wp-json\/wp\/v2\/pages\/1506","targetHints":{"allow":["GET"]}}],"collection":[{"href":"https:\/\/gilita.com\/fr\/wp-json\/wp\/v2\/pages"}],"about":[{"href":"https:\/\/gilita.com\/fr\/wp-json\/wp\/v2\/types\/page"}],"author":[{"embeddable":true,"href":"https:\/\/gilita.com\/fr\/wp-json\/wp\/v2\/users\/1"}],"replies":[{"embeddable":true,"href":"https:\/\/gilita.com\/fr\/wp-json\/wp\/v2\/comments?post=1506"}],"version-history":[{"count":5,"href":"https:\/\/gilita.com\/fr\/wp-json\/wp\/v2\/pages\/1506\/revisions"}],"predecessor-version":[{"id":1688,"href":"https:\/\/gilita.com\/fr\/wp-json\/wp\/v2\/pages\/1506\/revisions\/1688"}],"wp:attachment":[{"href":"https:\/\/gilita.com\/fr\/wp-json\/wp\/v2\/media?parent=1506"}],"curies":[{"name":"wp","href":"https:\/\/api.w.org\/{rel}","templated":true}]}}