{"id":1529,"date":"2024-07-10T16:05:17","date_gmt":"2024-07-10T09:05:17","guid":{"rendered":"https:\/\/gilita.com\/forfaits-sur-mesure\/forfait-spa-et-romance\/"},"modified":"2025-02-21T15:55:59","modified_gmt":"2025-02-21T08:55:59","slug":"forfait-spa-et-romance","status":"publish","type":"page","link":"https:\/\/gilita.com\/fr\/forfaits-sur-mesure\/forfait-spa-et-romance\/","title":{"rendered":"Forfait Spa et Romance"},"content":{"rendered":"\t\t<div data-elementor-type=\"wp-page\" data-elementor-id=\"1529\" class=\"elementor elementor-1529 elementor-488\" data-elementor-post-type=\"page\">\n\t\t\t\t<div class=\"elementor-element elementor-element-fe3a189 e-grid e-con-boxed e-con e-parent\" data-id=\"fe3a189\" data-element_type=\"container\" data-e-type=\"container\">\n\t\t\t\t\t<div class=\"e-con-inner\">\n\t\t\t\t<div class=\"elementor-element elementor-element-ec0589b elementor-widget elementor-widget-heading\" data-id=\"ec0589b\" data-element_type=\"widget\" data-e-type=\"widget\" data-widget_type=\"heading.default\">\n\t\t\t\t<div class=\"elementor-widget-container\">\n\t\t\t\t\t<h1 class=\"elementor-heading-title elementor-size-default\">FORFAIT SPA ET ROMANCE<\/h1>\t\t\t\t<\/div>\n\t\t\t\t<\/div>\n\t\t\t\t<div class=\"elementor-element elementor-element-546b884 elementor-widget elementor-widget-heading\" data-id=\"546b884\" data-element_type=\"widget\" data-e-type=\"widget\" data-widget_type=\"heading.default\">\n\t\t\t\t<div class=\"elementor-widget-container\">\n\t\t\t\t\t<h2 class=\"elementor-heading-title elementor-size-default\">Impressionnez votre bien-aim\u00e9(e) et passez des vacances inoubliables<\/h2>\t\t\t\t<\/div>\n\t\t\t\t<\/div>\n\t\t\t\t<div class=\"elementor-element elementor-element-82193eb elementor-widget elementor-widget-text-editor\" data-id=\"82193eb\" data-element_type=\"widget\" data-e-type=\"widget\" data-widget_type=\"text-editor.default\">\n\t\t\t\t<div class=\"elementor-widget-container\">\n\t\t\t\t\t\t\t\t\t<p>Quoi de plus romantique qu&rsquo;une escapade de luxe \u00e0 deux ? Ce forfait a \u00e9t\u00e9 sp\u00e9cialement con\u00e7u pour c\u00e9l\u00e9brer toutes vos occasions romantiques ! <\/p>\n\t\t\t\t\t\t\t\t<\/div>\n\t\t\t\t<\/div>\n\t\t\t\t<div class=\"elementor-element elementor-element-8a8ba60 elementor-widget elementor-widget-heading\" data-id=\"8a8ba60\" data-element_type=\"widget\" data-e-type=\"widget\" data-widget_type=\"heading.default\">\n\t\t\t\t<div class=\"elementor-widget-container\">\n\t\t\t\t\t<h3 class=\"elementor-heading-title elementor-size-default\">D\u00e9tails du voyage<\/h3>\t\t\t\t<\/div>\n\t\t\t\t<\/div>\n\t\t\t\t<div class=\"elementor-element elementor-element-61893be elementor-widget elementor-widget-text-editor\" data-id=\"61893be\" data-element_type=\"widget\" data-e-type=\"widget\" data-widget_type=\"text-editor.default\">\n\t\t\t\t<div class=\"elementor-widget-container\">\n\t\t\t\t\t\t\t\t\t<p><strong>Agence :<\/strong> Gili Travel Agency (GiliTA)<\/p>\n<p><strong>Lieu :<\/strong> Indonesia<\/p>\n<p><strong>Contact :<\/strong> Ask Julie (<a href=\"https:\/\/wa.me\/6281999601058\" rel=\"noopener\">WhatsApp<\/a>, <a href=\"mailto:askjulie@gilita.com\">Email<\/a>)<\/p>\n<p><strong>Dur\u00e9e :<\/strong> 2 nuits \/ 3 jours<\/p>\n<p><strong>Destination : <\/strong>Gili Air (Lombok)<\/p>\n<p><strong>Tarif :<\/strong><\/p>\n<p>Villa 1 chambre (2 adultes)<\/p>\n<ul>\n<li>Basse saison : 358 EUR\/nuit<\/li>\n<li>Haute saison : 448 EUR\/nuit<\/li>\n<\/ul>\n<p>Villa 2 chambres (4 adultes)<\/p>\n<ul>\n<li>Basse saison : 568 EUR\/nuit<\/li>\n<li>Haute saison : 748 EUR\/nuit<\/li>\n<\/ul>\n<p><strong>Note :<\/strong><\/p>\n<p>Les d\u00eeners gastronomiques et les activit\u00e9s sont optionnels et peuvent \u00eatre d\u00e9cid\u00e9s \u00e0 l\u2019arriv\u00e9e, ce qui permet aux clients de choisir librement ce qui convient \u00e0 leur humeur. Notre entreprise, Let\u2019s Feel Free, est fi\u00e8re de cette approche flexible. <\/p>\n\t\t\t\t\t\t\t\t<\/div>\n\t\t\t\t<\/div>\n\t\t\t\t<div class=\"elementor-element elementor-element-549f5d0 elementor-widget elementor-widget-heading\" data-id=\"549f5d0\" data-element_type=\"widget\" data-e-type=\"widget\" data-widget_type=\"heading.default\">\n\t\t\t\t<div class=\"elementor-widget-container\">\n\t\t\t\t\t<h3 class=\"elementor-heading-title elementor-size-default\">Exp\u00e9rience de voyage personnalis\u00e9e<\/h3>\t\t\t\t<\/div>\n\t\t\t\t<\/div>\n\t\t\t\t<div class=\"elementor-element elementor-element-9d4b7c6 elementor-widget elementor-widget-text-editor\" data-id=\"9d4b7c6\" data-element_type=\"widget\" data-e-type=\"widget\" data-widget_type=\"text-editor.default\">\n\t\t\t\t<div class=\"elementor-widget-container\">\n\t\t\t\t\t\t\t\t\t<p>Julie et l&rsquo;\u00e9quipe GiliTA sont disponibles via WhatsApp pour vous inspirer dans votre voyage. Si vous choisissez de voyager avec nous, n&rsquo;h\u00e9sitez pas \u00e0 partager vos pr\u00e9f\u00e9rences de voyage, vos passions, vos loisirs et vos r\u00eaves pour votre exp\u00e9rience de voyage. <\/p>\n<p>Nous pouvons tout r\u00e9server pour vous d\u00e8s votre arriv\u00e9e. Nos partenaires sur place seront \u00e9galement \u00e0 votre disposition pour vous aider et vous inspirer davantage. <\/p>\n\t\t\t\t\t\t\t\t<\/div>\n\t\t\t\t<\/div>\n\t\t\t\t<div class=\"elementor-element elementor-element-57a3da9 elementor-widget elementor-widget-heading\" data-id=\"57a3da9\" data-element_type=\"widget\" data-e-type=\"widget\" data-widget_type=\"heading.default\">\n\t\t\t\t<div class=\"elementor-widget-container\">\n\t\t\t\t\t<h3 class=\"elementor-heading-title elementor-size-default\">Itin\u00e9raire<\/h3>\t\t\t\t<\/div>\n\t\t\t\t<\/div>\n\t\t\t\t<div class=\"elementor-element elementor-element-248c391 elementor-widget elementor-widget-text-editor\" data-id=\"248c391\" data-element_type=\"widget\" data-e-type=\"widget\" data-widget_type=\"text-editor.default\">\n\t\t\t\t<div class=\"elementor-widget-container\">\n\t\t\t\t\t\t\t\t\t<p><strong>Jours 1 \u00e0 3 :<\/strong> Gili Air<\/p>\n<p><strong>Transport :<\/strong> Notre chauffeur local viendra vous chercher \u00e0 l&rsquo;a\u00e9roport de Lombok et vous d\u00e9posera au port de Teluk Nare, o\u00f9 vous embarquerez \u00e0 bord d&rsquo;un bateau rapide priv\u00e9 pour Gili Air. Nous pouvons \u00e9galement organiser le transport depuis\/vers d&rsquo;autres destinations moyennant un suppl\u00e9ment. <\/p>\n\t\t\t\t\t\t\t\t<\/div>\n\t\t\t\t<\/div>\n\t\t\t\t<div class=\"elementor-element elementor-element-8fba68e elementor-widget elementor-widget-heading\" data-id=\"8fba68e\" data-element_type=\"widget\" data-e-type=\"widget\" data-widget_type=\"heading.default\">\n\t\t\t\t<div class=\"elementor-widget-container\">\n\t\t\t\t\t<h3 class=\"elementor-heading-title elementor-size-default\">Informations sur Gili Air<\/h3>\t\t\t\t<\/div>\n\t\t\t\t<\/div>\n\t\t\t\t<div class=\"elementor-element elementor-element-41d4aab elementor-widget elementor-widget-text-editor\" data-id=\"41d4aab\" data-element_type=\"widget\" data-e-type=\"widget\" data-widget_type=\"text-editor.default\">\n\t\t\t\t<div class=\"elementor-widget-container\">\n\t\t\t\t\t\t\t\t\t<p>Les \u00eeles Gili se composent de trois \u00eeles : Gili Trawangan, Gili Meno et Gili Air, la plus proche de Lombok. Gili Air est une \u00eele \u00e9cologique sans v\u00e9hicules motoris\u00e9s, accessible \u00e0 pied, \u00e0 v\u00e9lo ou en cal\u00e8che (taxis Gili). <\/p>\n\t\t\t\t\t\t\t\t<\/div>\n\t\t\t\t<\/div>\n\t\t\t\t<div class=\"elementor-element elementor-element-b2eac86 elementor-widget elementor-widget-heading\" data-id=\"b2eac86\" data-element_type=\"widget\" data-e-type=\"widget\" data-widget_type=\"heading.default\">\n\t\t\t\t<div class=\"elementor-widget-container\">\n\t\t\t\t\t<h3 class=\"elementor-heading-title elementor-size-default\">H\u00e9bergement<\/h3>\t\t\t\t<\/div>\n\t\t\t\t<\/div>\n\t\t\t\t<div class=\"elementor-element elementor-element-812963d elementor-widget elementor-widget-text-editor\" data-id=\"812963d\" data-element_type=\"widget\" data-e-type=\"widget\" data-widget_type=\"text-editor.default\">\n\t\t\t\t<div class=\"elementor-widget-container\">\n\t\t\t\t\t\t\t\t\t<p><strong>Slow Villas<\/strong><\/p>\n<ul>\n<li>Type de chambre : Villa 1 chambre avec piscine priv\u00e9e<\/li>\n<li>Villas : 10 villas de luxe contemporaines con\u00e7ues avec un concept balinais, favorisant un style de vie paisible (cuisson lente, mouvement et \u00e9tirements).<\/li>\n<li>\u00c9quipements : Terrasse, piscine, kitchenette, espace bureau, transats, cocotier et literie de qualit\u00e9.<\/li>\n<\/ul>\n\t\t\t\t\t\t\t\t<\/div>\n\t\t\t\t<\/div>\n\t\t\t\t<div class=\"elementor-element elementor-element-c722de8 elementor-widget elementor-widget-heading\" data-id=\"c722de8\" data-element_type=\"widget\" data-e-type=\"widget\" data-widget_type=\"heading.default\">\n\t\t\t\t<div class=\"elementor-widget-container\">\n\t\t\t\t\t<h3 class=\"elementor-heading-title elementor-size-default\">Activit\u00e9s<\/h3>\t\t\t\t<\/div>\n\t\t\t\t<\/div>\n\t\t\t\t<div class=\"elementor-element elementor-element-31c9631 elementor-widget elementor-widget-text-editor\" data-id=\"31c9631\" data-element_type=\"widget\" data-e-type=\"widget\" data-widget_type=\"text-editor.default\">\n\t\t\t\t<div class=\"elementor-widget-container\">\n\t\t\t\t\t\t\t\t\t<p>L&rsquo;\u00eele offre diverses activit\u00e9s telles que la plong\u00e9e avec masque, la plong\u00e9e sous-marine, le surf, l&rsquo;\u00e9quitation, le wakeboard, la p\u00eache, des cours de cuisine indon\u00e9sienne, diff\u00e9rents types de yoga, la m\u00e9ditation, le v\u00e9lo, le saut d&rsquo;\u00eele en \u00eele et l&rsquo;observation des dauphins.<\/p>\n<p>Notre \u00e9quipe vous aidera \u00e0 r\u00e9server vos activit\u00e9s autour des \u00eeles Gili d\u00e8s votre arriv\u00e9e. Chaque villa dispose d&rsquo;une farde remplie d&rsquo;id\u00e9es et d&rsquo;activit\u00e9s. <\/p>\n\t\t\t\t\t\t\t\t<\/div>\n\t\t\t\t<\/div>\n\t\t\t\t<div class=\"elementor-element elementor-element-47a56e5 elementor-widget elementor-widget-heading\" data-id=\"47a56e5\" data-element_type=\"widget\" data-e-type=\"widget\" data-widget_type=\"heading.default\">\n\t\t\t\t<div class=\"elementor-widget-container\">\n\t\t\t\t\t<h3 class=\"elementor-heading-title elementor-size-default\">Activit\u00e9s optionnelles : les recommandations de Julie<\/h3>\t\t\t\t<\/div>\n\t\t\t\t<\/div>\n\t\t\t\t<div class=\"elementor-element elementor-element-cf447df elementor-widget elementor-widget-text-editor\" data-id=\"cf447df\" data-element_type=\"widget\" data-e-type=\"widget\" data-widget_type=\"text-editor.default\">\n\t\t\t\t<div class=\"elementor-widget-container\">\n\t\t\t\t\t\t\t\t\t<p><strong>Jour 1 : Bien-\u00eatre en couple au Slow Spa<\/strong><\/p>\n<ul>\n<li>Soins : Soin du visage \u00e0 l&rsquo;Aloe Vera et massage pour elle, soin du visage nettoyant beaut\u00e9 et massage balinais pour lui, suivi d&rsquo;un bain de fleurs \u00e0 deux.<\/li>\n<li>Equipements : Trois salles de massage, un bain de relaxation et un studio de pilates\/yoga.<\/li>\n<\/ul>\n<p><strong>Jour 2 : Excursion priv\u00e9e de plong\u00e9e en apn\u00e9e autour des 3 \u00eeles Gili<\/strong><\/p>\n<ul>\n<li>Exp\u00e9rience : excursion priv\u00e9e de plong\u00e9e en apn\u00e9e de 4 heures avec Madi, guide expert et capitaine. Explorez Turtle Heaven, Halik Reef, Sunset Reef et Meno Wreck. Profitez d&rsquo;un d\u00e9jeuner sur les belles plages de Gili Meno.  <\/li>\n<\/ul>\n<p><strong>D\u00eener gastronomique dans l&rsquo;eau<\/strong><\/p>\n<ul>\n<li>Menu : Homard grill\u00e9 avec un accompagnement au choix et une bouteille de champagne Mo\u00ebt &amp; Chandon, servi sur une plage de sable blanc.<\/li>\n<\/ul>\n<p><strong>Jour 3 : Retour<\/strong><\/p>\n<ul>\n<li>Transport : Transfert en hors-bord priv\u00e9 et chauffeur jusqu&rsquo;\u00e0 l&rsquo;a\u00e9roport de Lombok.<\/li>\n<\/ul>\n\t\t\t\t\t\t\t\t<\/div>\n\t\t\t\t<\/div>\n\t\t\t\t<div class=\"elementor-element elementor-element-3f4e4e7 elementor-widget elementor-widget-heading\" data-id=\"3f4e4e7\" data-element_type=\"widget\" data-e-type=\"widget\" data-widget_type=\"heading.default\">\n\t\t\t\t<div class=\"elementor-widget-container\">\n\t\t\t\t\t<h3 class=\"elementor-heading-title elementor-size-default\">Contact &amp; R\u00e9servations<\/h3>\t\t\t\t<\/div>\n\t\t\t\t<\/div>\n\t\t\t\t<div class=\"elementor-element elementor-element-88c679f elementor-widget elementor-widget-text-editor\" data-id=\"88c679f\" data-element_type=\"widget\" data-e-type=\"widget\" data-widget_type=\"text-editor.default\">\n\t\t\t\t<div class=\"elementor-widget-container\">\n\t\t\t\t\t\t\t\t\t<p>L&rsquo;\u00e9quipe GiliTA<\/p>\n<p>Julie \u2013 Co-fondatrice de Gili Travel Agency<\/p>\n<p>Email: <a href=\"mailto:AskJulie@GiliTA.com\">AskJulie@GiliTA.com<\/a><\/p>\n\t\t\t\t\t\t\t\t<\/div>\n\t\t\t\t<\/div>\n\t\t\t\t<div class=\"elementor-element elementor-element-e4d8a5f elementor-widget-divider--view-line elementor-widget elementor-widget-divider\" data-id=\"e4d8a5f\" data-element_type=\"widget\" data-e-type=\"widget\" data-widget_type=\"divider.default\">\n\t\t\t\t<div class=\"elementor-widget-container\">\n\t\t\t\t\t\t\t<div class=\"elementor-divider\">\n\t\t\t<span class=\"elementor-divider-separator\">\n\t\t\t\t\t\t<\/span>\n\t\t<\/div>\n\t\t\t\t\t\t<\/div>\n\t\t\t\t<\/div>\n\t\t\t\t<div class=\"elementor-element elementor-element-cd379c7 elementor-widget elementor-widget-text-editor\" data-id=\"cd379c7\" data-element_type=\"widget\" data-e-type=\"widget\" data-widget_type=\"text-editor.default\">\n\t\t\t\t<div class=\"elementor-widget-container\">\n\t\t\t\t\t\t\t\t\t<p>Embarquez pour votre aventure romantique avec Gili Travel Agency et cr\u00e9ez des souvenirs qui dureront toute une vie.<\/p>\n<p>Voyagez en toute s\u00e9curit\u00e9 !<\/p>\n\t\t\t\t\t\t\t\t<\/div>\n\t\t\t\t<\/div>\n\t\t\t\t\t<\/div>\n\t\t\t\t<\/div>\n\t\t\t\t<\/div>\n\t\t","protected":false},"excerpt":{"rendered":"<p>FORFAIT SPA ET ROMANCE Impressionnez votre bien-aim\u00e9(e) et passez des vacances inoubliables Quoi de plus romantique qu&rsquo;une escapade de luxe \u00e0 deux ? Ce forfait a \u00e9t\u00e9 sp\u00e9cialement con\u00e7u pour c\u00e9l\u00e9brer toutes vos occasions romantiques ! D\u00e9tails du voyage Agence : Gili Travel Agency (GiliTA) Lieu : Indonesia Contact : Ask Julie (WhatsApp, Email) Dur\u00e9e [&hellip;]<\/p>\n","protected":false},"author":1,"featured_media":0,"parent":1506,"menu_order":0,"comment_status":"closed","ping_status":"closed","template":"","meta":{"footnotes":""},"class_list":["post-1529","page","type-page","status-publish","hentry"],"_links":{"self":[{"href":"https:\/\/gilita.com\/fr\/wp-json\/wp\/v2\/pages\/1529","targetHints":{"allow":["GET"]}}],"collection":[{"href":"https:\/\/gilita.com\/fr\/wp-json\/wp\/v2\/pages"}],"about":[{"href":"https:\/\/gilita.com\/fr\/wp-json\/wp\/v2\/types\/page"}],"author":[{"embeddable":true,"href":"https:\/\/gilita.com\/fr\/wp-json\/wp\/v2\/users\/1"}],"replies":[{"embeddable":true,"href":"https:\/\/gilita.com\/fr\/wp-json\/wp\/v2\/comments?post=1529"}],"version-history":[{"count":7,"href":"https:\/\/gilita.com\/fr\/wp-json\/wp\/v2\/pages\/1529\/revisions"}],"predecessor-version":[{"id":1682,"href":"https:\/\/gilita.com\/fr\/wp-json\/wp\/v2\/pages\/1529\/revisions\/1682"}],"up":[{"embeddable":true,"href":"https:\/\/gilita.com\/fr\/wp-json\/wp\/v2\/pages\/1506"}],"wp:attachment":[{"href":"https:\/\/gilita.com\/fr\/wp-json\/wp\/v2\/media?parent=1529"}],"curies":[{"name":"wp","href":"https:\/\/api.w.org\/{rel}","templated":true}]}}