{"id":1539,"date":"2024-07-09T23:19:03","date_gmt":"2024-07-09T16:19:03","guid":{"rendered":"https:\/\/gilita.com\/conseils-de-voyage-utiles\/"},"modified":"2025-02-21T15:34:03","modified_gmt":"2025-02-21T08:34:03","slug":"conseils-de-voyage-utiles","status":"publish","type":"page","link":"https:\/\/gilita.com\/fr\/conseils-de-voyage-utiles\/","title":{"rendered":"Conseils utiles"},"content":{"rendered":"\t\t<div data-elementor-type=\"wp-page\" data-elementor-id=\"1539\" class=\"elementor elementor-1539 elementor-273\" data-elementor-post-type=\"page\">\n\t\t\t\t<div class=\"elementor-element elementor-element-98eca73 e-grid e-con-boxed e-con e-parent\" data-id=\"98eca73\" data-element_type=\"container\" data-e-type=\"container\">\n\t\t\t\t\t<div class=\"e-con-inner\">\n\t\t\t\t<div class=\"elementor-element elementor-element-79ab62e elementor-widget elementor-widget-heading\" data-id=\"79ab62e\" data-element_type=\"widget\" data-e-type=\"widget\" data-widget_type=\"heading.default\">\n\t\t\t\t<div class=\"elementor-widget-container\">\n\t\t\t\t\t<h1 class=\"elementor-heading-title elementor-size-default\">CONSEILS DE VOYAGE UTILES<\/h1>\t\t\t\t<\/div>\n\t\t\t\t<\/div>\n\t\t\t\t<div class=\"elementor-element elementor-element-ed750c5 elementor-widget-divider--view-line elementor-widget elementor-widget-divider\" data-id=\"ed750c5\" data-element_type=\"widget\" data-e-type=\"widget\" data-widget_type=\"divider.default\">\n\t\t\t\t<div class=\"elementor-widget-container\">\n\t\t\t\t\t\t\t<div class=\"elementor-divider\">\n\t\t\t<span class=\"elementor-divider-separator\">\n\t\t\t\t\t\t<\/span>\n\t\t<\/div>\n\t\t\t\t\t\t<\/div>\n\t\t\t\t<\/div>\n\t\t\t\t\t<\/div>\n\t\t\t\t<\/div>\n\t\t<div class=\"elementor-element elementor-element-fda4748 e-grid e-con-boxed e-con e-parent\" data-id=\"fda4748\" data-element_type=\"container\" data-e-type=\"container\">\n\t\t\t\t\t<div class=\"e-con-inner\">\n\t\t\t\t<div class=\"elementor-element elementor-element-1c62e98 elementor-widget elementor-widget-heading\" data-id=\"1c62e98\" data-element_type=\"widget\" data-e-type=\"widget\" data-widget_type=\"heading.default\">\n\t\t\t\t<div class=\"elementor-widget-container\">\n\t\t\t\t\t<h2 class=\"elementor-heading-title elementor-size-default\">Guide de voyage complet : passer des vacances en Indon\u00e9sie<\/h2>\t\t\t\t<\/div>\n\t\t\t\t<\/div>\n\t\t\t\t<div class=\"elementor-element elementor-element-534c97d elementor-widget elementor-widget-text-editor\" data-id=\"534c97d\" data-element_type=\"widget\" data-e-type=\"widget\" data-widget_type=\"text-editor.default\">\n\t\t\t\t<div class=\"elementor-widget-container\">\n\t\t\t\t\t\t\t\t\t<p><span style=\"font-weight: 400;\">Bienvenue dans notre guide complet con\u00e7u pour vous fournir toutes les informations n\u00e9cessaires afin de passer des vacances inoubliables en Indon\u00e9sie. Si vous avez besoin d&rsquo;informations plus d\u00e9taill\u00e9es, n&rsquo;h\u00e9sitez pas \u00e0 nous contacter. <\/span><\/p>\n\t\t\t\t\t\t\t\t<\/div>\n\t\t\t\t<\/div>\n\t\t\t\t<div class=\"elementor-element elementor-element-a7de41e elementor-widget-divider--view-line elementor-widget elementor-widget-divider\" data-id=\"a7de41e\" data-element_type=\"widget\" data-e-type=\"widget\" data-widget_type=\"divider.default\">\n\t\t\t\t<div class=\"elementor-widget-container\">\n\t\t\t\t\t\t\t<div class=\"elementor-divider\">\n\t\t\t<span class=\"elementor-divider-separator\">\n\t\t\t\t\t\t<\/span>\n\t\t<\/div>\n\t\t\t\t\t\t<\/div>\n\t\t\t\t<\/div>\n\t\t\t\t<div class=\"elementor-element elementor-element-dba6dde elementor-widget elementor-widget-heading\" data-id=\"dba6dde\" data-element_type=\"widget\" data-e-type=\"widget\" data-widget_type=\"heading.default\">\n\t\t\t\t<div class=\"elementor-widget-container\">\n\t\t\t\t\t<h3 class=\"elementor-heading-title elementor-size-default\">Sant\u00e9 et vaccination<\/h3>\t\t\t\t<\/div>\n\t\t\t\t<\/div>\n\t\t\t\t<div class=\"elementor-element elementor-element-7a8bf61 elementor-widget elementor-widget-text-editor\" data-id=\"7a8bf61\" data-element_type=\"widget\" data-e-type=\"widget\" data-widget_type=\"text-editor.default\">\n\t\t\t\t<div class=\"elementor-widget-container\">\n\t\t\t\t\t\t\t\t\t<p><strong>Conseils de vaccination :<\/strong><\/p>\n<ul>\n<li>Vaccinations obligatoires :\n<ul>\n<li>Aucun<\/li>\n<\/ul>\n<\/li>\n<li>Vaccinations sugg\u00e9r\u00e9es :\n<ul>\n<li>Fi\u00e8vre typho\u00efde<\/li>\n<li>H\u00e9patite A et B<\/li>\n<li>Poliomy\u00e9lite<\/li>\n<li>T\u00e9tanos, dipht\u00e9rie, coqueluche<\/li>\n<\/ul>\n<\/li>\n<li>Dans certaines circonstances :\n<ul>\n<li>Fi\u00e8vre jaune<\/li>\n<li>Paludisme<\/li>\n<li>Rage<\/li>\n<\/ul>\n<\/li>\n<li>Pr\u00e9vention inutile :\n<ul>\n<li>M\u00e9ningite<\/li>\n<\/ul>\n<\/li>\n<\/ul>\n<p><strong>Conseils sant\u00e9 :<\/strong><\/p>\n<ul>\n<li>Consultez votre m\u00e9decin de famille pour conna\u00eetre les derni\u00e8res recommandations en mati\u00e8re de vaccins.<\/li>\n<li>Envisagez de prendre des m\u00e9dicaments antipaludiques.<\/li>\n<li>Mangez et buvez de mani\u00e8re prudente afin d&rsquo;\u00e9viter des maladies d\u2019origine alimentaire.<\/li>\n<li>\u00c9vitez les piq\u00fbres d\u2019insectes en utilisant un insectifuge.<\/li>\n<li>\u00c9vitez tout contact avec les animaux errants.<\/li>\n<li>Minimisez l\u2019exposition aux germes en maintenant une bonne hygi\u00e8ne.<\/li>\n<li>\u00c9vitez de partager des liquides corporels et utilisez uniquement du mat\u00e9riel m\u00e9dical ou cosm\u00e9tique st\u00e9rile.<\/li>\n<\/ul>\n\t\t\t\t\t\t\t\t<\/div>\n\t\t\t\t<\/div>\n\t\t\t\t<div class=\"elementor-element elementor-element-bb2cfd8 elementor-widget elementor-widget-heading\" data-id=\"bb2cfd8\" data-element_type=\"widget\" data-e-type=\"widget\" data-widget_type=\"heading.default\">\n\t\t\t\t<div class=\"elementor-widget-container\">\n\t\t\t\t\t<h3 class=\"elementor-heading-title elementor-size-default\">Visa et taxes d'arriv\u00e9e<\/h3>\t\t\t\t<\/div>\n\t\t\t\t<\/div>\n\t\t\t\t<div class=\"elementor-element elementor-element-5ca4d35 elementor-widget elementor-widget-text-editor\" data-id=\"5ca4d35\" data-element_type=\"widget\" data-e-type=\"widget\" data-widget_type=\"text-editor.default\">\n\t\t\t\t<div class=\"elementor-widget-container\">\n\t\t\t\t\t\t\t\t\t<ul>\n<li><strong>Visa \u00e0 l&rsquo;arriv\u00e9e :<\/strong> <span style=\"font-weight: 400;\">La plupart des nationalit\u00e9s peuvent obtenir un visa \u00e0 l&rsquo;arriv\u00e9e, valable un mois et renouvelable un mois suppl\u00e9mentaire. Frais : 38 USD (2019). <\/span><\/li>\n<li><strong>Validit\u00e9 de votre passeport:<\/strong> <span style=\"font-weight: 400;\">Assurez-vous que votre passeport est valide pendant au moins 6 mois apr\u00e8s la date pr\u00e9vue de votre d\u00e9part d&rsquo;Indon\u00e9sie.<\/span><\/li>\n<li><strong>Taxes de d\u00e9part :<\/strong>\n<ul>\n<li>Vols locaux : <span style=\"font-weight: 400;\">20,000 \u2013 50,000 IDR ($2 \u2013 $6 USD)<\/span><\/li>\n<li>Vols internationaux : <span style=\"font-weight: 400;\">Environ 150,000 IDR ($17 USD)<\/span><\/li>\n<\/ul>\n<\/li>\n<\/ul>\n\t\t\t\t\t\t\t\t<\/div>\n\t\t\t\t<\/div>\n\t\t\t\t<div class=\"elementor-element elementor-element-611748a elementor-widget elementor-widget-heading\" data-id=\"611748a\" data-element_type=\"widget\" data-e-type=\"widget\" data-widget_type=\"heading.default\">\n\t\t\t\t<div class=\"elementor-widget-container\">\n\t\t\t\t\t<h3 class=\"elementor-heading-title elementor-size-default\">Passeport et formalit\u00e9s<\/h3>\t\t\t\t<\/div>\n\t\t\t\t<\/div>\n\t\t\t\t<div class=\"elementor-element elementor-element-2088f7b elementor-widget elementor-widget-text-editor\" data-id=\"2088f7b\" data-element_type=\"widget\" data-e-type=\"widget\" data-widget_type=\"text-editor.default\">\n\t\t\t\t<div class=\"elementor-widget-container\">\n\t\t\t\t\t\t\t\t\t<ul>\n<li><span style=\"font-weight: 400;\">Un passeport valide est obligatoire pour l&rsquo;entr\u00e9e sur le territoire et doit avoir une date d&rsquo;expiration d&rsquo;au moins 6 mois apr\u00e8s votre d\u00e9part pr\u00e9vu.<\/span><\/li>\n<\/ul>\n\t\t\t\t\t\t\t\t<\/div>\n\t\t\t\t<\/div>\n\t\t\t\t<div class=\"elementor-element elementor-element-408495e elementor-widget elementor-widget-heading\" data-id=\"408495e\" data-element_type=\"widget\" data-e-type=\"widget\" data-widget_type=\"heading.default\">\n\t\t\t\t<div class=\"elementor-widget-container\">\n\t\t\t\t\t<h3 class=\"elementor-heading-title elementor-size-default\">Tension et prises de courant<\/h3>\t\t\t\t<\/div>\n\t\t\t\t<\/div>\n\t\t\t\t<div class=\"elementor-element elementor-element-5b38634 elementor-widget elementor-widget-text-editor\" data-id=\"5b38634\" data-element_type=\"widget\" data-e-type=\"widget\" data-widget_type=\"text-editor.default\">\n\t\t\t\t<div class=\"elementor-widget-container\">\n\t\t\t\t\t\t\t\t\t<ul>\n<li><strong>Voltage :<\/strong> <span style=\"font-weight: 400;\">220 volts (comme en Belgique).<\/span><\/li>\n<li><strong>Prises de courant :<\/strong> <span style=\"font-weight: 400;\">Compatible avec les prises europ\u00e9ennes.<\/span><\/li>\n<\/ul>\n\t\t\t\t\t\t\t\t<\/div>\n\t\t\t\t<\/div>\n\t\t\t\t<div class=\"elementor-element elementor-element-dc8a129 elementor-widget elementor-widget-heading\" data-id=\"dc8a129\" data-element_type=\"widget\" data-e-type=\"widget\" data-widget_type=\"heading.default\">\n\t\t\t\t<div class=\"elementor-widget-container\">\n\t\t\t\t\t<h3 class=\"elementor-heading-title elementor-size-default\">Bagages exc\u00e9dentaires pour les vols locaux<\/h3>\t\t\t\t<\/div>\n\t\t\t\t<\/div>\n\t\t\t\t<div class=\"elementor-element elementor-element-015ffd5 elementor-widget elementor-widget-text-editor\" data-id=\"015ffd5\" data-element_type=\"widget\" data-e-type=\"widget\" data-widget_type=\"text-editor.default\">\n\t\t\t\t<div class=\"elementor-widget-container\">\n\t\t\t\t\t\t\t\t\t<ul>\n<li><strong>Poids autoris\u00e9 :<\/strong> <span style=\"font-weight: 400;\">15\u201320 kg<\/span>.<\/li>\n<li><strong>Frais pour bagages exc\u00e9dentaires :<\/strong> <span style=\"font-weight: 400;\">$1 \u00e0 $3 par kilo.<\/span><\/li>\n<\/ul>\n\t\t\t\t\t\t\t\t<\/div>\n\t\t\t\t<\/div>\n\t\t\t\t<div class=\"elementor-element elementor-element-a5938d5 elementor-widget elementor-widget-heading\" data-id=\"a5938d5\" data-element_type=\"widget\" data-e-type=\"widget\" data-widget_type=\"heading.default\">\n\t\t\t\t<div class=\"elementor-widget-container\">\n\t\t\t\t\t<h3 class=\"elementor-heading-title elementor-size-default\">Climat et m\u00e9t\u00e9o : la meilleure p\u00e9riode pour visiter<\/h3>\t\t\t\t<\/div>\n\t\t\t\t<\/div>\n\t\t\t\t<div class=\"elementor-element elementor-element-18405ed elementor-widget elementor-widget-text-editor\" data-id=\"18405ed\" data-element_type=\"widget\" data-e-type=\"widget\" data-widget_type=\"text-editor.default\">\n\t\t\t\t<div class=\"elementor-widget-container\">\n\t\t\t\t\t\t\t\t\t<ul>\n<li><strong>Voyages toute l&rsquo;ann\u00e9e :<\/strong> <span style=\"font-weight: 400;\">L&rsquo;Indon\u00e9sie a un climat \u00e9quatorial.<\/span><\/li>\n<li><strong>Saisons :<\/strong>\n<ul>\n<li>Saison s\u00e8che : de mai \u00e0 septembre.<\/li>\n<li>Saison des pluies : d&rsquo;octobre \u00e0 avril.<\/li>\n<\/ul>\n<\/li>\n<li><strong>Temp\u00e9rature moyenne :<\/strong> <span style=\"font-weight: 400;\">26\u00b0C (entre 20\u00b0C et 33\u00b0C). Juillet est le mois le plus frais avec une moyenne de 25\u00b0C. <\/span><\/li>\n<li><strong>Conseil:<\/strong> <span style=\"font-weight: 400;\">Prendre des v\u00eatements chauds pour les r\u00e9gions montagneuses plus froides.<\/span><\/li>\n<\/ul>\n\t\t\t\t\t\t\t\t<\/div>\n\t\t\t\t<\/div>\n\t\t\t\t<div class=\"elementor-element elementor-element-da2c994 elementor-widget elementor-widget-heading\" data-id=\"da2c994\" data-element_type=\"widget\" data-e-type=\"widget\" data-widget_type=\"heading.default\">\n\t\t\t\t<div class=\"elementor-widget-container\">\n\t\t\t\t\t<h3 class=\"elementor-heading-title elementor-size-default\">Code vestimentaire<\/h3>\t\t\t\t<\/div>\n\t\t\t\t<\/div>\n\t\t\t\t<div class=\"elementor-element elementor-element-cd83208 elementor-widget elementor-widget-text-editor\" data-id=\"cd83208\" data-element_type=\"widget\" data-e-type=\"widget\" data-widget_type=\"text-editor.default\">\n\t\t\t\t<div class=\"elementor-widget-container\">\n\t\t\t\t\t\t\t\t\t<ul>\n<li><strong>V\u00eatements reccomand\u00e9s :<\/strong> <span style=\"font-weight: 400;\">Veste l\u00e9g\u00e8re pour les r\u00e9gions montagneuses, cr\u00e8me solaire et lunettes de soleil.<\/span><\/li>\n<li><strong>Tenue de plage :<\/strong> <span style=\"font-weight: 400;\">Les bikinis sont accept\u00e9s sur les plages et dans les piscines des h\u00f4tels. Portez un short et un t-shirt dans les espaces publics pour respecter les coutumes locales, en particulier autour des temples. <\/span><\/li>\n<\/ul>\n\t\t\t\t\t\t\t\t<\/div>\n\t\t\t\t<\/div>\n\t\t\t\t<div class=\"elementor-element elementor-element-e99675b elementor-widget elementor-widget-heading\" data-id=\"e99675b\" data-element_type=\"widget\" data-e-type=\"widget\" data-widget_type=\"heading.default\">\n\t\t\t\t<div class=\"elementor-widget-container\">\n\t\t\t\t\t<h3 class=\"elementor-heading-title elementor-size-default\">Langue et argent<\/h3>\t\t\t\t<\/div>\n\t\t\t\t<\/div>\n\t\t\t\t<div class=\"elementor-element elementor-element-40f0512 elementor-widget elementor-widget-text-editor\" data-id=\"40f0512\" data-element_type=\"widget\" data-e-type=\"widget\" data-widget_type=\"text-editor.default\">\n\t\t\t\t<div class=\"elementor-widget-container\">\n\t\t\t\t\t\t\t\t\t<ul>\n<li><strong>Langues :<\/strong> <span style=\"font-weight: 400;\">Indon\u00e9sien et anglais. La plupart des Indon\u00e9siens parlent un anglais basique mais une grande majorit\u00e9 le parle couramment. <\/span><\/li>\n<li><strong>Argent :<\/strong> <span style=\"font-weight: 400;\">Roupie indon\u00e9sienne (1 EUR = environ 15 000 IDR). V\u00e9rifiez les taux en vigueur sur <\/span> <a href=\"https:\/\/www.xe.com\" target=\"_blank\" rel=\"noopener\">www.xe.com<\/a>.<\/li>\n<li><strong>Cartes de cr\u00e9dit :<\/strong> <span style=\"font-weight: 400;\">Visa, Mastercard et American Express sont largement accept\u00e9es partout &#8211; des frais de 3% suppl\u00e9mentaires sont \u00e0 pr\u00e9voir pour les cartes non-indon\u00e9siennes.<\/span><\/li>\n<\/ul>\n\t\t\t\t\t\t\t\t<\/div>\n\t\t\t\t<\/div>\n\t\t\t\t<div class=\"elementor-element elementor-element-5c6e8ef elementor-widget elementor-widget-heading\" data-id=\"5c6e8ef\" data-element_type=\"widget\" data-e-type=\"widget\" data-widget_type=\"heading.default\">\n\t\t\t\t<div class=\"elementor-widget-container\">\n\t\t\t\t\t<h3 class=\"elementor-heading-title elementor-size-default\">Boissons et nourriture<\/h3>\t\t\t\t<\/div>\n\t\t\t\t<\/div>\n\t\t\t\t<div class=\"elementor-element elementor-element-0a626eb elementor-widget elementor-widget-text-editor\" data-id=\"0a626eb\" data-element_type=\"widget\" data-e-type=\"widget\" data-widget_type=\"text-editor.default\">\n\t\t\t\t<div class=\"elementor-widget-container\">\n\t\t\t\t\t\t\t\t\t<ul>\n<li><strong>Eau potable :<\/strong> <span style=\"font-weight: 400;\">L&rsquo;eau du robinet n&rsquo;est pas potable. Soyez prudent avec les gla\u00e7ons. <\/span><\/li>\n<li><strong>Alcool :<\/strong> <span style=\"font-weight: 400;\">Tr\u00e8s bonnes bi\u00e8res, gr\u00e2ce \u00e0 l&rsquo;influence n\u00e9erlandaise. Le vin australien peut \u00eatre cher. <\/span><\/li>\n<li><strong>Cuisine :<\/strong> <span style=\"font-weight: 400;\">Une d\u00e9licieuse fusion d&rsquo;influences chinoises, malaisiennes et hollandaises.<\/span><\/li>\n<\/ul>\n\t\t\t\t\t\t\t\t<\/div>\n\t\t\t\t<\/div>\n\t\t\t\t<div class=\"elementor-element elementor-element-e231c8f elementor-widget elementor-widget-heading\" data-id=\"e231c8f\" data-element_type=\"widget\" data-e-type=\"widget\" data-widget_type=\"heading.default\">\n\t\t\t\t<div class=\"elementor-widget-container\">\n\t\t\t\t\t<h3 class=\"elementor-heading-title elementor-size-default\">Conseils culturels<\/h3>\t\t\t\t<\/div>\n\t\t\t\t<\/div>\n\t\t\t\t<div class=\"elementor-element elementor-element-a8dbc9e elementor-widget elementor-widget-text-editor\" data-id=\"a8dbc9e\" data-element_type=\"widget\" data-e-type=\"widget\" data-widget_type=\"text-editor.default\">\n\t\t\t\t<div class=\"elementor-widget-container\">\n\t\t\t\t\t\t\t\t\t<ul>\n<li>\u00c9vitez de vous embrasser en public.<\/li>\n<li>Portez toujours un foulard autour de la taille lorsque vous entrez dans les temples (disponible en location).<\/li>\n<li>Ne touchez pas la t\u00eate des enfants ; elle est consid\u00e9r\u00e9e comme le si\u00e8ge de l\u2019\u00e2me.<\/li>\n<li>\u00c9vitez d\u2019utiliser votre main gauche pour manger, recevoir ou pointer, car cela est consid\u00e9r\u00e9 comme impoli.<\/li>\n<li>Maintenez une distance respectueuse avec les pr\u00eatres pendant les c\u00e9r\u00e9monies.<\/li>\n<li>Ne faites pas de blagues sur les drogues ; les d\u00e9lits li\u00e9s aux drogues sont passibles de lourdes sanctions.<\/li>\n<li>Adoptez la curiosit\u00e9 locale ; cela t\u00e9moigne de votre int\u00e9r\u00eat.<\/li>\n<\/ul>\n\t\t\t\t\t\t\t\t<\/div>\n\t\t\t\t<\/div>\n\t\t\t\t<div class=\"elementor-element elementor-element-fc6cd04 elementor-widget elementor-widget-heading\" data-id=\"fc6cd04\" data-element_type=\"widget\" data-e-type=\"widget\" data-widget_type=\"heading.default\">\n\t\t\t\t<div class=\"elementor-widget-container\">\n\t\t\t\t\t<h3 class=\"elementor-heading-title elementor-size-default\">Ambassade de Belgique<\/h3>\t\t\t\t<\/div>\n\t\t\t\t<\/div>\n\t\t\t\t<div class=\"elementor-element elementor-element-4c9c82d elementor-widget elementor-widget-text-editor\" data-id=\"4c9c82d\" data-element_type=\"widget\" data-e-type=\"widget\" data-widget_type=\"text-editor.default\">\n\t\t\t\t<div class=\"elementor-widget-container\">\n\t\t\t\t\t\t\t\t\t<ul>\n<li><strong>Addresse :<\/strong> Deutsche Bank Building, 16th floor, Jl. Imam Bonjol No. 80, 10310 Jakarta, Indonesia <\/li>\n<li><strong>Email :<\/strong> <a href=\"mailto:Jakarta@diplobel.fed.be\">Jakarta@diplobel.fed.be<\/a><\/li>\n<li><strong>T\u00e9l\u00e9phone :<\/strong> +62 21 316 2030<\/li>\n<li><strong>Contact d&rsquo;urgence :<\/strong> +62 (0) 816 947 859<\/li>\n<\/ul>\n\t\t\t\t\t\t\t\t<\/div>\n\t\t\t\t<\/div>\n\t\t\t\t<div class=\"elementor-element elementor-element-fb4bf6f elementor-widget-divider--view-line elementor-widget elementor-widget-divider\" data-id=\"fb4bf6f\" data-element_type=\"widget\" data-e-type=\"widget\" data-widget_type=\"divider.default\">\n\t\t\t\t<div class=\"elementor-widget-container\">\n\t\t\t\t\t\t\t<div class=\"elementor-divider\">\n\t\t\t<span class=\"elementor-divider-separator\">\n\t\t\t\t\t\t<\/span>\n\t\t<\/div>\n\t\t\t\t\t\t<\/div>\n\t\t\t\t<\/div>\n\t\t\t\t<div class=\"elementor-element elementor-element-39e2fc0 elementor-widget elementor-widget-text-editor\" data-id=\"39e2fc0\" data-element_type=\"widget\" data-e-type=\"widget\" data-widget_type=\"text-editor.default\">\n\t\t\t\t<div class=\"elementor-widget-container\">\n\t\t\t\t\t\t\t\t\t<p><span style=\"font-weight: 400;\">N&rsquo;h\u00e9sitez pas \u00e0 t\u00e9l\u00e9charger notre brochure de conseils de voyage pour des informations plus d\u00e9taill\u00e9es. Bon voyage en Indon\u00e9sie et voyagez en toute s\u00e9curit\u00e9 ! <\/span><\/p>\n\t\t\t\t\t\t\t\t<\/div>\n\t\t\t\t<\/div>\n\t\t\t\t<div class=\"elementor-element elementor-element-9e2ee71 elementor-align-left elementor-widget elementor-widget-button\" data-id=\"9e2ee71\" data-element_type=\"widget\" data-e-type=\"widget\" data-widget_type=\"button.default\">\n\t\t\t\t<div class=\"elementor-widget-container\">\n\t\t\t\t\t\t\t\t\t<div class=\"elementor-button-wrapper\">\n\t\t\t\t\t<a class=\"elementor-button elementor-button-link elementor-size-lg elementor-animation-grow\" href=\"https:\/\/gilita.com\/wp-content\/uploads\/2024\/07\/Useful-Travel-Information.pdf\" target=\"_blank\">\n\t\t\t\t\t\t<span class=\"elementor-button-content-wrapper\">\n\t\t\t\t\t\t\t\t\t<span class=\"elementor-button-text\">T\u00e9l\u00e9chargez notre brochure de conseils de voyage<\/span>\n\t\t\t\t\t<\/span>\n\t\t\t\t\t<\/a>\n\t\t\t\t<\/div>\n\t\t\t\t\t\t\t\t<\/div>\n\t\t\t\t<\/div>\n\t\t\t\t\t<\/div>\n\t\t\t\t<\/div>\n\t\t\t\t<\/div>\n\t\t","protected":false},"excerpt":{"rendered":"<p>CONSEILS DE VOYAGE UTILES Guide de voyage complet : passer des vacances en Indon\u00e9sie Bienvenue dans notre guide complet con\u00e7u pour vous fournir toutes les informations n\u00e9cessaires afin de passer des vacances inoubliables en Indon\u00e9sie. Si vous avez besoin d&rsquo;informations plus d\u00e9taill\u00e9es, n&rsquo;h\u00e9sitez pas \u00e0 nous contacter. Sant\u00e9 et vaccination Conseils de vaccination : Vaccinations [&hellip;]<\/p>\n","protected":false},"author":1,"featured_media":0,"parent":0,"menu_order":0,"comment_status":"closed","ping_status":"closed","template":"","meta":{"footnotes":""},"class_list":["post-1539","page","type-page","status-publish","hentry"],"_links":{"self":[{"href":"https:\/\/gilita.com\/fr\/wp-json\/wp\/v2\/pages\/1539","targetHints":{"allow":["GET"]}}],"collection":[{"href":"https:\/\/gilita.com\/fr\/wp-json\/wp\/v2\/pages"}],"about":[{"href":"https:\/\/gilita.com\/fr\/wp-json\/wp\/v2\/types\/page"}],"author":[{"embeddable":true,"href":"https:\/\/gilita.com\/fr\/wp-json\/wp\/v2\/users\/1"}],"replies":[{"embeddable":true,"href":"https:\/\/gilita.com\/fr\/wp-json\/wp\/v2\/comments?post=1539"}],"version-history":[{"count":11,"href":"https:\/\/gilita.com\/fr\/wp-json\/wp\/v2\/pages\/1539\/revisions"}],"predecessor-version":[{"id":1669,"href":"https:\/\/gilita.com\/fr\/wp-json\/wp\/v2\/pages\/1539\/revisions\/1669"}],"wp:attachment":[{"href":"https:\/\/gilita.com\/fr\/wp-json\/wp\/v2\/media?parent=1539"}],"curies":[{"name":"wp","href":"https:\/\/api.w.org\/{rel}","templated":true}]}}