{"id":1683,"date":"2024-12-27T13:21:22","date_gmt":"2024-12-27T06:21:22","guid":{"rendered":"https:\/\/gilita.com\/forfaits-sur-mesure\/eco-explorers-le-projet-green-kids-give-back\/"},"modified":"2025-02-21T15:57:48","modified_gmt":"2025-02-21T08:57:48","slug":"eco-explorers-le-projet-green-kids-give-back","status":"publish","type":"page","link":"https:\/\/gilita.com\/fr\/forfaits-sur-mesure\/eco-explorers-le-projet-green-kids-give-back\/","title":{"rendered":"Eco Explorers : le projet Green Kids Give Back"},"content":{"rendered":"\t\t<div data-elementor-type=\"wp-page\" data-elementor-id=\"1683\" class=\"elementor elementor-1683 elementor-1383\" data-elementor-post-type=\"page\">\n\t\t\t\t<div class=\"elementor-element elementor-element-ac2e79f e-grid e-con-boxed e-con e-parent\" data-id=\"ac2e79f\" data-element_type=\"container\" data-e-type=\"container\">\n\t\t\t\t\t<div class=\"e-con-inner\">\n\t\t\t\t<div class=\"elementor-element elementor-element-7e5103aa elementor-widget elementor-widget-heading\" data-id=\"7e5103aa\" data-element_type=\"widget\" data-e-type=\"widget\" data-widget_type=\"heading.default\">\n\t\t\t\t<div class=\"elementor-widget-container\">\n\t\t\t\t\t<h1 class=\"elementor-heading-title elementor-size-default\">ECO EXPLORERS : PROJET DE DON EN RETOUR DES ENFANTS \u00c9COLOGIQUES<\/h1>\t\t\t\t<\/div>\n\t\t\t\t<\/div>\n\t\t\t\t<div class=\"elementor-element elementor-element-ecda6c4 elementor-widget elementor-widget-heading\" data-id=\"ecda6c4\" data-element_type=\"widget\" data-e-type=\"widget\" data-widget_type=\"heading.default\">\n\t\t\t\t<div class=\"elementor-widget-container\">\n\t\t\t\t\t<h2 class=\"elementor-heading-title elementor-size-default\">Rejoignez-nous pour une aventure \u00e9cologique qui changera votre vie sur Gili Air !<\/h2>\t\t\t\t<\/div>\n\t\t\t\t<\/div>\n\t\t\t\t<div class=\"elementor-element elementor-element-52b37315 elementor-widget elementor-widget-text-editor\" data-id=\"52b37315\" data-element_type=\"widget\" data-e-type=\"widget\" data-widget_type=\"text-editor.default\">\n\t\t\t\t<div class=\"elementor-widget-container\">\n\t\t\t\t\t\t\t\t\t<p>Le projet Green Kids Give Back invite les jeunes aventuriers (\u00e2g\u00e9s de 15 \u00e0 20 ans) \u00e0 explorer l&rsquo;oc\u00e9an et la communaut\u00e9 de Gili Air, tout en contribuant \u00e0 la restauration \u00e9cologique et en cr\u00e9ant des souvenirs durables gr\u00e2ce \u00e0 l&rsquo;\u00e9ducation et au service environnementaux.<\/p>\n\t\t\t\t\t\t\t\t<\/div>\n\t\t\t\t<\/div>\n\t\t\t\t<div class=\"elementor-element elementor-element-3dd78f62 elementor-widget elementor-widget-heading\" data-id=\"3dd78f62\" data-element_type=\"widget\" data-e-type=\"widget\" data-widget_type=\"heading.default\">\n\t\t\t\t<div class=\"elementor-widget-container\">\n\t\t\t\t\t<h3 class=\"elementor-heading-title elementor-size-default\">D\u00e9tails du voyage<\/h3>\t\t\t\t<\/div>\n\t\t\t\t<\/div>\n\t\t\t\t<div class=\"elementor-element elementor-element-74a6bf28 elementor-widget elementor-widget-text-editor\" data-id=\"74a6bf28\" data-element_type=\"widget\" data-e-type=\"widget\" data-widget_type=\"text-editor.default\">\n\t\t\t\t<div class=\"elementor-widget-container\">\n\t\t\t\t\t\t\t\t\t<p><strong>Agency:<\/strong> Gili Travel Agency (GiliTA)<\/p>\n<p><strong>Location:<\/strong> Indonesia<\/p>\n<p><strong>Contact:<\/strong> Ask Julie (<a href=\"https:\/\/wa.me\/6281999601058\" rel=\"noopener\">WhatsApp<\/a>, <a href=\"mailto:askjulie@gilita.com\">Email<\/a>)<\/p>\n<p><strong>Duration:<\/strong> 1\/2 &#8211; 1 day<\/p>\n<p><strong>Destination: <\/strong>Gili Air , Gili T (Lombok)<\/p>\n<p><strong>Tarif :<\/strong><\/p>\n<ul>\n<li><strong>For 15 pax<\/strong>: \u20ac2,582.14 includes daily meals (vegan\/pescatarian menu) and transport.<\/li>\n<\/ul>\n<ul>\n<li><strong>For 20 pax<\/strong>: 3 296,04 \u20ac comprennent les repas quotidiens (menu v\u00e9g\u00e9talien\/pescatarien) et le transport.<\/li>\n<\/ul>\n\t\t\t\t\t\t\t\t<\/div>\n\t\t\t\t<\/div>\n\t\t\t\t<div class=\"elementor-element elementor-element-2a57d514 elementor-widget elementor-widget-heading\" data-id=\"2a57d514\" data-element_type=\"widget\" data-e-type=\"widget\" data-widget_type=\"heading.default\">\n\t\t\t\t<div class=\"elementor-widget-container\">\n\t\t\t\t\t<h3 class=\"elementor-heading-title elementor-size-default\">Cours de certification et dons \u00e0 l'oc\u00e9an<\/h3>\t\t\t\t<\/div>\n\t\t\t\t<\/div>\n\t\t\t\t<div class=\"elementor-element elementor-element-2bf08ce3 elementor-widget elementor-widget-text-editor\" data-id=\"2bf08ce3\" data-element_type=\"widget\" data-e-type=\"widget\" data-widget_type=\"text-editor.default\">\n\t\t\t\t<div class=\"elementor-widget-container\">\n\t\t\t\t\t\t\t\t\t<p>Obtenez des certifications de plong\u00e9e tout en explorant la vie marine dynamique de Gili Air :<\/p>\n<ul>\n<li><strong>Open Water Diver <\/strong><em>(3 days &#8211; IDR 6,400,000)<\/em><\/li>\n<li><strong>Advanced Open Water Diver <\/strong><em>(3 days &#8211; IDR 5,400,000)<\/em><br \/><strong>Partner:<\/strong> <a href=\"https:\/\/www.bluemarinedive.com\/book-now-gili-air-courses\" target=\"_new\" rel=\"noopener\">Blue Marine Dive<\/a><\/li>\n<\/ul>\n<p>Contribuer \u00e0 la restauration marine \u00e0 travers le <strong>Bio-Rock Project<\/strong>:<\/p>\n<ul>\n<li><strong>Gili Air Bio-Rock Restoration<\/strong>: Aidez \u00e0 restaurer les habitats marins et \u00e0 installer de nouvelles structures Bio-Rock. <em>(IDR 30\u201335 million | Financed by Gili Family).<\/em><\/li>\n<li><strong>Gili T Bio-Rock Extension<\/strong>: Work with local partners to extend the project to Gili Trawangan.<em>(IDR 10\u201312 million | Green Camp Biorock).<\/em><br \/><strong>Partner:<\/strong> <a href=\"https:\/\/www.giliecotrust.com\/\" target=\"_new\" rel=\"noopener\">Gili Eco Trust<\/a><\/li>\n<\/ul>\n\t\t\t\t\t\t\t\t<\/div>\n\t\t\t\t<\/div>\n\t\t\t\t<div class=\"elementor-element elementor-element-424f5246 elementor-widget elementor-widget-heading\" data-id=\"424f5246\" data-element_type=\"widget\" data-e-type=\"widget\" data-widget_type=\"heading.default\">\n\t\t\t\t<div class=\"elementor-widget-container\">\n\t\t\t\t\t<h3 class=\"elementor-heading-title elementor-size-default\">Points saillants du programme<\/h3>\t\t\t\t<\/div>\n\t\t\t\t<\/div>\n\t\t\t\t<div class=\"elementor-element elementor-element-77238b5f elementor-widget elementor-widget-text-editor\" data-id=\"77238b5f\" data-element_type=\"widget\" data-e-type=\"widget\" data-widget_type=\"text-editor.default\">\n\t\t\t\t<div class=\"elementor-widget-container\">\n\t\t\t\t\t\t\t\t\t<p><strong>Conservation des oc\u00e9ans (programmes d&rsquo;une demi-journ\u00e9e) :<\/strong><\/p>\n<ul>\n<li><strong>Plastic is Fantastic SUP Ocean Clean-Up:<\/strong> Paddleboard and collect trash. <em>IDR 450,000 per person<\/em><\/li>\n<li><strong>Coral Restoration:<\/strong> Snorkel, collect coral fragments, and reattach to Bio-Rock structures. <em>IDR 450,000 per person<\/em><\/li>\n<li><strong>Marine Conservation Presentation:<\/strong> Learn about marine preservation. <em>IDR 500,000<\/em><\/li>\n<li><strong>Snorkeling\/Scuba Diving<\/strong> (optional)<strong>:<\/strong> Explore Gili Air\u2019s underwater beauty. <em>Extra fees apply for diving.<\/em><\/li>\n<\/ul>\n<p><strong>Permaculture et engagement scolaire :<\/strong><\/p>\n<ul>\n<li><strong>Permaculture Workshop:<\/strong> Plant gardens and learn sustainable farming at Gili Air Elementary. <em>IDR 450,000<\/em><\/li>\n<li><strong>Creative Collaboration:<\/strong> Paint murals with local artists. <em>From IDR 420,000<\/em><\/li>\n<li><strong>Cultural Exchange:<\/strong> Share games and lessons with students. <em>Free donation<\/em><\/li>\n<li><strong>School Support:<\/strong> Help purchase supplies (e.g., whiteboards). <em>Product donations only.<\/em><\/li>\n<\/ul>\n<p><strong>D\u00e9fi de plantation d&rsquo;arbres :<\/strong><\/p>\n<ul>\n<li>Plant 1,000 trees annually with the Soraya Foundation to promote long-term environmental stewardship.<br \/><em>IDR 4,900,000 for 1,000 trees | Pickup trees: IDR 350,000 | Pickup volunteers: IDR 800,000<\/em><\/li>\n<\/ul>\n\t\t\t\t\t\t\t\t<\/div>\n\t\t\t\t<\/div>\n\t\t\t\t<div class=\"elementor-element elementor-element-4c77c99e elementor-widget elementor-widget-heading\" data-id=\"4c77c99e\" data-element_type=\"widget\" data-e-type=\"widget\" data-widget_type=\"heading.default\">\n\t\t\t\t<div class=\"elementor-widget-container\">\n\t\t\t\t\t<h3 class=\"elementor-heading-title elementor-size-default\">Informations sur Gili Air<\/h3>\t\t\t\t<\/div>\n\t\t\t\t<\/div>\n\t\t\t\t<div class=\"elementor-element elementor-element-35db1424 elementor-widget elementor-widget-text-editor\" data-id=\"35db1424\" data-element_type=\"widget\" data-e-type=\"widget\" data-widget_type=\"text-editor.default\">\n\t\t\t\t<div class=\"elementor-widget-container\">\n\t\t\t\t\t\t\t\t\t<p>Les \u00eeles Gili se composent de trois \u00eeles : Gili Trawangan, Gili Meno et Gili Air, la plus proche de Lombok. Gili Air est une \u00eele \u00e9cologique sans v\u00e9hicules motoris\u00e9s, accessible \u00e0 pied, \u00e0 v\u00e9lo ou en cal\u00e8che (taxis Gili). <\/p>\n\t\t\t\t\t\t\t\t<\/div>\n\t\t\t\t<\/div>\n\t\t\t\t<div class=\"elementor-element elementor-element-41e7a220 elementor-widget elementor-widget-heading\" data-id=\"41e7a220\" data-element_type=\"widget\" data-e-type=\"widget\" data-widget_type=\"heading.default\">\n\t\t\t\t<div class=\"elementor-widget-container\">\n\t\t\t\t\t<h3 class=\"elementor-heading-title elementor-size-default\">H\u00e9bergement<\/h3>\t\t\t\t<\/div>\n\t\t\t\t<\/div>\n\t\t\t\t<div class=\"elementor-element elementor-element-20fa133a elementor-widget elementor-widget-text-editor\" data-id=\"20fa133a\" data-element_type=\"widget\" data-e-type=\"widget\" data-widget_type=\"text-editor.default\">\n\t\t\t\t<div class=\"elementor-widget-container\">\n\t\t\t\t\t\t\t\t\t<ol>\n<li>S\u00e9journez dans une famille indon\u00e9sienne au village ou \u00e0 la plage.<\/li>\n<li>Maisons d&rsquo;h\u00f4tes \u00e9conomiques :<\/li>\n<\/ol>\n<ul>\n<li><strong>Salili Bungalows<\/strong>: <em>IDR 600,000\/night (includes breakfast)<\/em><\/li>\n<li><strong>Pandan Hotel<\/strong>: <em>IDR 340,000\/night (includes breakfast)<\/em><\/li>\n<li><strong>Puri Air<\/strong>:<em> IDR 780,000\/night (includes breakfast)<\/em><\/li>\n<\/ul>\n\t\t\t\t\t\t\t\t<\/div>\n\t\t\t\t<\/div>\n\t\t\t\t<div class=\"elementor-element elementor-element-7f06ff11 elementor-widget elementor-widget-heading\" data-id=\"7f06ff11\" data-element_type=\"widget\" data-e-type=\"widget\" data-widget_type=\"heading.default\">\n\t\t\t\t<div class=\"elementor-widget-container\">\n\t\t\t\t\t<h3 class=\"elementor-heading-title elementor-size-default\">Transport<\/h3>\t\t\t\t<\/div>\n\t\t\t\t<\/div>\n\t\t\t\t<div class=\"elementor-element elementor-element-1201b1d elementor-widget elementor-widget-text-editor\" data-id=\"1201b1d\" data-element_type=\"widget\" data-e-type=\"widget\" data-widget_type=\"text-editor.default\">\n\t\t\t\t<div class=\"elementor-widget-container\">\n\t\t\t\t\t\t\t\t\t<p><strong>1. Eka Jaya Ferry <\/strong><\/p>\n<p>Transfert aller-retour depuis Bali<\/p>\n<p><em>Prix: IDR 1,000,000<\/em><\/p>\n<p><strong>2. La passerelle de Gili depuis Sanur <\/strong><\/p>\n<p>Transfert aller-retour depuis Bali<\/p>\n<p><em>Prix: IDR 1,800,000<\/em><\/p>\n<p><strong>3. Wahana Ferry <\/strong><\/p>\n<p>Transfert aller-retour depuis Bali<\/p>\n<p><em>Prix: IDR 800,000<\/em><\/p>\n<p><em>Si vous avez d&rsquo;autres options, nous r\u00e9servons pour vous.<\/em><\/p>\n\t\t\t\t\t\t\t\t<\/div>\n\t\t\t\t<\/div>\n\t\t\t\t<div class=\"elementor-element elementor-element-6c1f479 elementor-widget elementor-widget-heading\" data-id=\"6c1f479\" data-element_type=\"widget\" data-e-type=\"widget\" data-widget_type=\"heading.default\">\n\t\t\t\t<div class=\"elementor-widget-container\">\n\t\t\t\t\t<h3 class=\"elementor-heading-title elementor-size-default\">Repas<\/h3>\t\t\t\t<\/div>\n\t\t\t\t<\/div>\n\t\t\t\t<div class=\"elementor-element elementor-element-8a58c9c elementor-widget elementor-widget-text-editor\" data-id=\"8a58c9c\" data-element_type=\"widget\" data-e-type=\"widget\" data-widget_type=\"text-editor.default\">\n\t\t\t\t<div class=\"elementor-widget-container\">\n\t\t\t\t\t\t\t\t\t<p>Les repas peuvent \u00eatre organis\u00e9s en pension compl\u00e8te avec des options pescatariennes ou v\u00e9g\u00e9tariennes. Les prix varient de 2 \u20ac \u00e0 18 \u20ac par repas. <\/p>\n<p><strong>Exemple de plan de repas :<\/strong><\/p>\n<ul>\n<li>\n<p><strong>Jour 1<\/strong><\/p>\n<ul>\n<li>D\u00e9jeuner : Lasagnes v\u00e9g\u00e9tariennes au Ra Healing ou Green Munchies<\/li>\n<li>D\u00eener : Barbecue de poisson ou Kebab v\u00e9g\u00e9tarien au Chillout<\/li>\n<\/ul>\n<\/li>\n<li>\n<p><strong>Jour 2<\/strong><\/p>\n<ul>\n<li>D\u00e9jeuner : Dahl \u00e0 la citrouille avec riz au moringa chez Flow<\/li>\n<li>D\u00eener : Curry de l\u00e9gumes chez ZZZ Warung ou plats \u00e0 emporter chez Farida <em>(IDR 25k\/repas<\/em>)<\/li>\n<\/ul>\n<\/li>\n<\/ul>\n\t\t\t\t\t\t\t\t<\/div>\n\t\t\t\t<\/div>\n\t\t\t\t<div class=\"elementor-element elementor-element-637e4a07 elementor-widget elementor-widget-heading\" data-id=\"637e4a07\" data-element_type=\"widget\" data-e-type=\"widget\" data-widget_type=\"heading.default\">\n\t\t\t\t<div class=\"elementor-widget-container\">\n\t\t\t\t\t<h3 class=\"elementor-heading-title elementor-size-default\">Permaculture et sensibilisation communautaire<\/h3>\t\t\t\t<\/div>\n\t\t\t\t<\/div>\n\t\t\t\t<div class=\"elementor-element elementor-element-5a1f50ab elementor-widget elementor-widget-text-editor\" data-id=\"5a1f50ab\" data-element_type=\"widget\" data-e-type=\"widget\" data-widget_type=\"text-editor.default\">\n\t\t\t\t<div class=\"elementor-widget-container\">\n\t\t\t\t\t\t\t\t\t<div class=\"flex-shrink-0 flex flex-col relative items-end\">\n<div>\n<div class=\"pt-0\">\n<div class=\"gizmo-bot-avatar flex h-8 w-8 items-center justify-center overflow-hidden rounded-full\">\n<div class=\"relative p-1 rounded-sm flex items-center justify-center bg-token-main-surface-primary text-token-text-primary h-8 w-8\"> <\/div>\n<\/div>\n<\/div>\n<\/div>\n<\/div>\n<div class=\"group\/conversation-turn relative flex w-full min-w-0 flex-col agent-turn\">\n<div class=\"flex-col gap-1 md:gap-3\">\n<div class=\"flex max-w-full flex-col flex-grow\">\n<div class=\"min-h-8 text-message flex w-full flex-col items-end gap-2 whitespace-normal break-words text-start [.text-message+&amp;]:mt-5\" dir=\"auto\" data-message-author-role=\"assistant\" data-message-id=\"39e9a23a-5edc-48d0-b2af-36718e421322\" data-message-model-slug=\"gpt-4o-mini\">\n<div class=\"flex w-full flex-col gap-1 empty:hidden first:pt-[3px]\">\n<div class=\"markdown prose w-full break-words dark:prose-invert dark\">\n<ol>\n<li>\n<p><strong>Projet d&rsquo;autonomisation des \u00e9coles \u00e9l\u00e9mentaires (SD Gili Air)<\/strong><\/p>\n<ul>\n<li>Les participants aideront \u00e0 cr\u00e9er des parterres de jardin durables \u00e0 l\u2019\u00e9cole primaire de Gili Air.<\/li>\n<li>Co\u00fbt: <em>IDR 30 million for a 2-day workshop.<\/em><\/li>\n<\/ul>\n<\/li>\n<li>\n<p><strong>Option optionnelle : Atelier de peinture<\/strong><\/p>\n<ul>\n<li>Cr\u00e9ez des peintures murales avec des artistes locaux, illustrant l\u2019histoire d\u2019un gar\u00e7on local qui apprend \u00e0 prot\u00e9ger son \u00eele et son patrimoine gr\u00e2ce \u00e0 l\u2019\u00e9cotourisme, aux comp\u00e9tences linguistiques et \u00e0 la durabilit\u00e9.<\/li>\n<\/ul>\n<\/li>\n<li>\n<p><strong>Initiative z\u00e9ro \u00e9mission nette<\/strong><\/p>\n<ul>\n<li>En partenariat avec Flow, d\u00e9couvrez un mode de vie durable avec des ateliers sur la gestion de l&rsquo;\u00e9nergie, de l&rsquo;eau et de l&rsquo;alimentation. Flow vise \u00e0 inspirer des initiatives de z\u00e9ro \u00e9mission nette pour l&rsquo;\u00e9cole et l&rsquo;\u00eele. <\/li>\n<\/ul>\n<\/li>\n<li>\n<p><strong>Exp\u00e9riences suppl\u00e9mentaires<\/strong><\/p>\n<ul>\n<li>Sauna et d\u00eener ayurv\u00e9dique au Flow: <em>IDR 150k per person<\/em><\/li>\n<li>Enseignez aux \u00e9tudiants locaux des comp\u00e9tences telles que l&rsquo;anglais, la musique traditionnelle Angklung ou d&rsquo;autres talents que vous souhaitez partager.<\/li>\n<\/ul>\n<\/li>\n<\/ol>\n<\/div>\n<\/div>\n<\/div>\n<\/div>\n<\/div>\n<\/div>\n\t\t\t\t\t\t\t\t<\/div>\n\t\t\t\t<\/div>\n\t\t\t\t<div class=\"elementor-element elementor-element-70c5569 elementor-widget elementor-widget-heading\" data-id=\"70c5569\" data-element_type=\"widget\" data-e-type=\"widget\" data-widget_type=\"heading.default\">\n\t\t\t\t<div class=\"elementor-widget-container\">\n\t\t\t\t\t<h3 class=\"elementor-heading-title elementor-size-default\">Contact &amp; R\u00e9servations<\/h3>\t\t\t\t<\/div>\n\t\t\t\t<\/div>\n\t\t\t\t<div class=\"elementor-element elementor-element-7b2b233f elementor-widget elementor-widget-text-editor\" data-id=\"7b2b233f\" data-element_type=\"widget\" data-e-type=\"widget\" data-widget_type=\"text-editor.default\">\n\t\t\t\t<div class=\"elementor-widget-container\">\n\t\t\t\t\t\t\t\t\t<p>L&rsquo;\u00e9quipe GiliTA<\/p>\n<p>Julie \u2013 Co-fondatrice de l&rsquo;agence de voyages Gili<\/p>\n<p>Email: <a href=\"mailto:AskJulie@GiliTA.com\">AskJulie@GiliTA.com<\/a><\/p>\n<p>Whatsapp: +6281999601058<\/p>\n<p>Skype: Juthonnard1<\/p>\n\t\t\t\t\t\t\t\t<\/div>\n\t\t\t\t<\/div>\n\t\t\t\t<div class=\"elementor-element elementor-element-2d56fcf6 elementor-widget-divider--view-line elementor-widget elementor-widget-divider\" data-id=\"2d56fcf6\" data-element_type=\"widget\" data-e-type=\"widget\" data-widget_type=\"divider.default\">\n\t\t\t\t<div class=\"elementor-widget-container\">\n\t\t\t\t\t\t\t<div class=\"elementor-divider\">\n\t\t\t<span class=\"elementor-divider-separator\">\n\t\t\t\t\t\t<\/span>\n\t\t<\/div>\n\t\t\t\t\t\t<\/div>\n\t\t\t\t<\/div>\n\t\t\t\t<div class=\"elementor-element elementor-element-38f7295d elementor-widget elementor-widget-text-editor\" data-id=\"38f7295d\" data-element_type=\"widget\" data-e-type=\"widget\" data-widget_type=\"text-editor.default\">\n\t\t\t\t<div class=\"elementor-widget-container\">\n\t\t\t\t\t\t\t\t\t<p><strong>En partenariat avec la Fondation Soraya<\/strong><\/p>\n<p>Lancez-vous dans votre aventure Green Kids Give Back avec GiliTA et laissez un impact durable sur la plan\u00e8te.<\/p>\n<p>Voyagez en toute s\u00e9curit\u00e9 !<\/p>\t\t\t\t\t\t\t\t<\/div>\n\t\t\t\t<\/div>\n\t\t\t\t\t<\/div>\n\t\t\t\t<\/div>\n\t\t\t\t<\/div>\n\t\t","protected":false},"excerpt":{"rendered":"<p>ECO EXPLORERS : PROJET DE DON EN RETOUR DES ENFANTS \u00c9COLOGIQUES Rejoignez-nous pour une aventure \u00e9cologique qui changera votre vie sur Gili Air ! Le projet Green Kids Give Back invite les jeunes aventuriers (\u00e2g\u00e9s de 15 \u00e0 20 ans) \u00e0 explorer l&rsquo;oc\u00e9an et la communaut\u00e9 de Gili Air, tout en contribuant \u00e0 la restauration [&hellip;]<\/p>\n","protected":false},"author":3,"featured_media":0,"parent":1506,"menu_order":0,"comment_status":"closed","ping_status":"closed","template":"","meta":{"footnotes":""},"class_list":["post-1683","page","type-page","status-publish","hentry"],"_links":{"self":[{"href":"https:\/\/gilita.com\/fr\/wp-json\/wp\/v2\/pages\/1683","targetHints":{"allow":["GET"]}}],"collection":[{"href":"https:\/\/gilita.com\/fr\/wp-json\/wp\/v2\/pages"}],"about":[{"href":"https:\/\/gilita.com\/fr\/wp-json\/wp\/v2\/types\/page"}],"author":[{"embeddable":true,"href":"https:\/\/gilita.com\/fr\/wp-json\/wp\/v2\/users\/3"}],"replies":[{"embeddable":true,"href":"https:\/\/gilita.com\/fr\/wp-json\/wp\/v2\/comments?post=1683"}],"version-history":[{"count":1,"href":"https:\/\/gilita.com\/fr\/wp-json\/wp\/v2\/pages\/1683\/revisions"}],"predecessor-version":[{"id":1684,"href":"https:\/\/gilita.com\/fr\/wp-json\/wp\/v2\/pages\/1683\/revisions\/1684"}],"up":[{"embeddable":true,"href":"https:\/\/gilita.com\/fr\/wp-json\/wp\/v2\/pages\/1506"}],"wp:attachment":[{"href":"https:\/\/gilita.com\/fr\/wp-json\/wp\/v2\/media?parent=1683"}],"curies":[{"name":"wp","href":"https:\/\/api.w.org\/{rel}","templated":true}]}}