{"id":1473,"date":"2024-07-09T21:46:29","date_gmt":"2024-07-09T14:46:29","guid":{"rendered":"https:\/\/gilita.com\/carrieres\/"},"modified":"2025-01-14T13:07:03","modified_gmt":"2025-01-14T06:07:03","slug":"carrieres","status":"publish","type":"page","link":"https:\/\/gilita.com\/nl\/carrieres\/","title":{"rendered":"Carri\u00e8res"},"content":{"rendered":"\t\t<div data-elementor-type=\"wp-page\" data-elementor-id=\"1473\" class=\"elementor elementor-1473 elementor-150\" data-elementor-post-type=\"page\">\n\t\t\t\t<div class=\"elementor-element elementor-element-c1eb1ac e-grid e-con-boxed e-con e-parent\" data-id=\"c1eb1ac\" data-element_type=\"container\" data-e-type=\"container\">\n\t\t\t\t\t<div class=\"e-con-inner\">\n\t\t\t\t<div class=\"elementor-element elementor-element-2d5e351 elementor-widget elementor-widget-heading\" data-id=\"2d5e351\" data-element_type=\"widget\" data-e-type=\"widget\" data-widget_type=\"heading.default\">\n\t\t\t\t<div class=\"elementor-widget-container\">\n\t\t\t\t\t<h1 class=\"elementor-heading-title elementor-size-default\">CARRI\u00c8RE<\/h1>\t\t\t\t<\/div>\n\t\t\t\t<\/div>\n\t\t\t\t<div class=\"elementor-element elementor-element-4fb4020 elementor-widget-divider--view-line elementor-widget elementor-widget-divider\" data-id=\"4fb4020\" data-element_type=\"widget\" data-e-type=\"widget\" data-widget_type=\"divider.default\">\n\t\t\t\t<div class=\"elementor-widget-container\">\n\t\t\t\t\t\t\t<div class=\"elementor-divider\">\n\t\t\t<span class=\"elementor-divider-separator\">\n\t\t\t\t\t\t<\/span>\n\t\t<\/div>\n\t\t\t\t\t\t<\/div>\n\t\t\t\t<\/div>\n\t\t\t\t\t<\/div>\n\t\t\t\t<\/div>\n\t\t<div class=\"elementor-element elementor-element-43bdd12 e-grid e-con-boxed e-con e-parent\" data-id=\"43bdd12\" data-element_type=\"container\" data-e-type=\"container\">\n\t\t\t\t\t<div class=\"e-con-inner\">\n\t\t\t\t<div class=\"elementor-element elementor-element-97dd00e elementor-widget elementor-widget-heading\" data-id=\"97dd00e\" data-element_type=\"widget\" data-e-type=\"widget\" data-widget_type=\"heading.default\">\n\t\t\t\t<div class=\"elementor-widget-container\">\n\t\t\t\t\t<h2 class=\"elementor-heading-title elementor-size-default\">Sluit je aan bij de GiliTA-familie:<br>Je volgende carri\u00e8rekans wacht!<\/h2>\t\t\t\t<\/div>\n\t\t\t\t<\/div>\n\t\t\t\t<div class=\"elementor-element elementor-element-2fad0bf elementor-widget elementor-widget-text-editor\" data-id=\"2fad0bf\" data-element_type=\"widget\" data-e-type=\"widget\" data-widget_type=\"text-editor.default\">\n\t\t\t\t<div class=\"elementor-widget-container\">\n\t\t\t\t\t\t\t\t\t<p><span style=\"font-weight: 400;\">Bent u op zoek naar een nieuwe en spannende baan? Wij zijn voortdurend op zoek naar nieuw talent om ons dynamische team bij GiliTA te versterken. Hieronder leest u wat wij belangrijk vinden en hoe wij werken:<\/span><\/p>\n\t\t\t\t\t\t\t\t<\/div>\n\t\t\t\t<\/div>\n\t\t\t\t<div class=\"elementor-element elementor-element-f11fdfc elementor-widget elementor-widget-heading\" data-id=\"f11fdfc\" data-element_type=\"widget\" data-e-type=\"widget\" data-widget_type=\"heading.default\">\n\t\t\t\t<div class=\"elementor-widget-container\">\n\t\t\t\t\t<h3 class=\"elementor-heading-title elementor-size-default\">Onze kernwaarden<\/h3>\t\t\t\t<\/div>\n\t\t\t\t<\/div>\n\t\t\t\t<div class=\"elementor-element elementor-element-649694c elementor-widget elementor-widget-text-editor\" data-id=\"649694c\" data-element_type=\"widget\" data-e-type=\"widget\" data-widget_type=\"text-editor.default\">\n\t\t\t\t<div class=\"elementor-widget-container\">\n\t\t\t\t\t\t\t\t\t<p>Geluk<br \/>Teamwerk<br \/>Perfectie<br \/>Eerlijkheid<br \/>Gelijkwaardigheid<br \/>Oplossingen<br \/>creativiteit<br \/>Gelach<br \/>Professionaliteit<br \/>Stiptheid<br \/>Evenwicht<br \/>Effici\u00ebntie<br \/>Effectiviteit<br \/>Tolerantie<br \/>Weerstand<br \/>Bepaling<br \/>Geduld<br \/>Vertrouwen<br \/>Dankbaarheid<\/p>\n\t\t\t\t\t\t\t\t<\/div>\n\t\t\t\t<\/div>\n\t\t\t\t<div class=\"elementor-element elementor-element-4f5805c elementor-widget elementor-widget-heading\" data-id=\"4f5805c\" data-element_type=\"widget\" data-e-type=\"widget\" data-widget_type=\"heading.default\">\n\t\t\t\t<div class=\"elementor-widget-container\">\n\t\t\t\t\t<h3 class=\"elementor-heading-title elementor-size-default\">Omarm creativiteit met ons<\/h3>\t\t\t\t<\/div>\n\t\t\t\t<\/div>\n\t\t\t\t<div class=\"elementor-element elementor-element-0014d16 elementor-widget elementor-widget-text-editor\" data-id=\"0014d16\" data-element_type=\"widget\" data-e-type=\"widget\" data-widget_type=\"text-editor.default\">\n\t\t\t\t<div class=\"elementor-widget-container\">\n\t\t\t\t\t\t\t\t\t<p><span style=\"font-weight: 400;\">Bij GiliTA bloeit creativiteit op als we als team samenwerken in een positieve, gezonde werkomgeving. Wij zijn er trots op dat wij een plek van vriendschap en wederzijdse uitwisseling zijn. Hoewel we \u00e9\u00e9n leider hebben die ons leidt, hanteren we een opendeurbeleid met onze idee\u00ebnbus en moedigen we iedereen aan om zijn of haar gedachten en suggesties te delen. Wij stellen uw inbreng zeer op prijs, omdat wij streven naar dagelijkse uitmuntendheid en perfectie op de lange termijn.<\/span><\/p>\n\t\t\t\t\t\t\t\t<\/div>\n\t\t\t\t<\/div>\n\t\t\t\t<div class=\"elementor-element elementor-element-76b9cf0 elementor-widget elementor-widget-heading\" data-id=\"76b9cf0\" data-element_type=\"widget\" data-e-type=\"widget\" data-widget_type=\"heading.default\">\n\t\t\t\t<div class=\"elementor-widget-container\">\n\t\t\t\t\t<h3 class=\"elementor-heading-title elementor-size-default\">Ervaar de familiegeest<\/h3>\t\t\t\t<\/div>\n\t\t\t\t<\/div>\n\t\t\t\t<div class=\"elementor-element elementor-element-d87d9ea elementor-widget elementor-widget-text-editor\" data-id=\"d87d9ea\" data-element_type=\"widget\" data-e-type=\"widget\" data-widget_type=\"text-editor.default\">\n\t\t\t\t<div class=\"elementor-widget-container\">\n\t\t\t\t\t\t\t\t\t<p><span style=\"font-weight: 400;\">Werken bij GiliTA betekent dat je deel uitmaakt van een familie. Wij werken als een hecht team, waarin iedereen elkaar steunt. Het uitgangspunt hierbij is dat iedereen zijn steentje bijdraagt, zodat we Slow zo goed mogelijk beheren en als \u00e9\u00e9n gelukkige familie samenleven.<\/span><\/p>\n<p><span style=\"font-weight: 400;\">Ben jij er klaar voor om jouw talenten in te zetten voor onze familie? Kom bij ons werken en ervaar een werkomgeving waar jouw stem telt, jouw creativiteit wordt gekoesterd en jouw bijdrage echt impact heeft.<\/span><\/p>\n\t\t\t\t\t\t\t\t<\/div>\n\t\t\t\t<\/div>\n\t\t\t\t<div class=\"elementor-element elementor-element-aa33084 elementor-align-left elementor-widget elementor-widget-button\" data-id=\"aa33084\" data-element_type=\"widget\" data-e-type=\"widget\" data-widget_type=\"button.default\">\n\t\t\t\t<div class=\"elementor-widget-container\">\n\t\t\t\t\t\t\t\t\t<div class=\"elementor-button-wrapper\">\n\t\t\t\t\t<a class=\"elementor-button elementor-button-link elementor-size-lg elementor-animation-grow\" href=\"mailto:AskJulie@GiliTA.com\" target=\"_blank\">\n\t\t\t\t\t\t<span class=\"elementor-button-content-wrapper\">\n\t\t\t\t\t\t\t\t\t<span class=\"elementor-button-text\">Solliciteer nu en laten we samen groeien!<\/span>\n\t\t\t\t\t<\/span>\n\t\t\t\t\t<\/a>\n\t\t\t\t<\/div>\n\t\t\t\t\t\t\t\t<\/div>\n\t\t\t\t<\/div>\n\t\t\t\t\t<\/div>\n\t\t\t\t<\/div>\n\t\t\t\t<\/div>\n\t\t","protected":false},"excerpt":{"rendered":"<p>CARRI\u00c8RE Sluit je aan bij de GiliTA-familie:Je volgende carri\u00e8rekans wacht! Bent u op zoek naar een nieuwe en spannende baan? Wij zijn voortdurend op zoek naar nieuw talent om ons dynamische team bij GiliTA te versterken. Hieronder leest u wat wij belangrijk vinden en hoe wij werken: Onze kernwaarden GelukTeamwerkPerfectieEerlijkheidGelijkwaardigheidOplossingencreativiteitGelachProfessionaliteitStiptheidEvenwichtEffici\u00ebntieEffectiviteitTolerantieWeerstandBepalingGeduldVertrouwenDankbaarheid Omarm creativiteit met ons Bij [&hellip;]<\/p>\n","protected":false},"author":1,"featured_media":0,"parent":0,"menu_order":0,"comment_status":"closed","ping_status":"closed","template":"","meta":{"footnotes":""},"class_list":["post-1473","page","type-page","status-publish","hentry"],"_links":{"self":[{"href":"https:\/\/gilita.com\/nl\/wp-json\/wp\/v2\/pages\/1473","targetHints":{"allow":["GET"]}}],"collection":[{"href":"https:\/\/gilita.com\/nl\/wp-json\/wp\/v2\/pages"}],"about":[{"href":"https:\/\/gilita.com\/nl\/wp-json\/wp\/v2\/types\/page"}],"author":[{"embeddable":true,"href":"https:\/\/gilita.com\/nl\/wp-json\/wp\/v2\/users\/1"}],"replies":[{"embeddable":true,"href":"https:\/\/gilita.com\/nl\/wp-json\/wp\/v2\/comments?post=1473"}],"version-history":[{"count":1,"href":"https:\/\/gilita.com\/nl\/wp-json\/wp\/v2\/pages\/1473\/revisions"}],"predecessor-version":[{"id":1474,"href":"https:\/\/gilita.com\/nl\/wp-json\/wp\/v2\/pages\/1473\/revisions\/1474"}],"wp:attachment":[{"href":"https:\/\/gilita.com\/nl\/wp-json\/wp\/v2\/media?parent=1473"}],"curies":[{"name":"wp","href":"https:\/\/api.w.org\/{rel}","templated":true}]}}