{"id":1525,"date":"2024-07-05T16:14:12","date_gmt":"2024-07-05T09:14:12","guid":{"rendered":"https:\/\/gilita.com\/algemene-voorwaarden\/"},"modified":"2025-03-14T07:48:05","modified_gmt":"2025-03-14T00:48:05","slug":"algemene-voorwaarden","status":"publish","type":"page","link":"https:\/\/gilita.com\/nl\/algemene-voorwaarden\/","title":{"rendered":"Algemene voorwaarden"},"content":{"rendered":"\t\t<div data-elementor-type=\"wp-page\" data-elementor-id=\"1525\" class=\"elementor elementor-1525 elementor-73\" data-elementor-post-type=\"page\">\n\t\t\t\t<div class=\"elementor-element elementor-element-9417baf e-grid e-con-boxed e-con e-parent\" data-id=\"9417baf\" data-element_type=\"container\" data-e-type=\"container\">\n\t\t\t\t\t<div class=\"e-con-inner\">\n\t\t\t\t<div class=\"elementor-element elementor-element-c1075c5 elementor-widget elementor-widget-heading\" data-id=\"c1075c5\" data-element_type=\"widget\" data-e-type=\"widget\" data-widget_type=\"heading.default\">\n\t\t\t\t<div class=\"elementor-widget-container\">\n\t\t\t\t\t<h1 class=\"elementor-heading-title elementor-size-default\">ALGEMENE VOORWAARDEN<\/h1>\t\t\t\t<\/div>\n\t\t\t\t<\/div>\n\t\t\t\t<div class=\"elementor-element elementor-element-3728df9 elementor-widget-divider--view-line elementor-widget elementor-widget-divider\" data-id=\"3728df9\" data-element_type=\"widget\" data-e-type=\"widget\" data-widget_type=\"divider.default\">\n\t\t\t\t<div class=\"elementor-widget-container\">\n\t\t\t\t\t\t\t<div class=\"elementor-divider\">\n\t\t\t<span class=\"elementor-divider-separator\">\n\t\t\t\t\t\t<\/span>\n\t\t<\/div>\n\t\t\t\t\t\t<\/div>\n\t\t\t\t<\/div>\n\t\t\t\t\t<\/div>\n\t\t\t\t<\/div>\n\t\t<div class=\"elementor-element elementor-element-f95e97a e-grid e-con-boxed e-con e-parent\" data-id=\"f95e97a\" data-element_type=\"container\" data-e-type=\"container\">\n\t\t\t\t\t<div class=\"e-con-inner\">\n\t\t\t\t<div class=\"elementor-element elementor-element-1fd6856 elementor-widget elementor-widget-heading\" data-id=\"1fd6856\" data-element_type=\"widget\" data-e-type=\"widget\" data-widget_type=\"heading.default\">\n\t\t\t\t<div class=\"elementor-widget-container\">\n\t\t\t\t\t<h2 class=\"elementor-heading-title elementor-size-default\">GiliTA \u2013 Gili Travel Agency<\/h2>\t\t\t\t<\/div>\n\t\t\t\t<\/div>\n\t\t\t\t<div class=\"elementor-element elementor-element-333a5ad elementor-widget elementor-widget-text-editor\" data-id=\"333a5ad\" data-element_type=\"widget\" data-e-type=\"widget\" data-widget_type=\"text-editor.default\">\n\t\t\t\t<div class=\"elementor-widget-container\">\n\t\t\t\t\t\t\t\t\t<p><span style=\"font-weight: 400;\">Welkom bij GiliTA! Hieronder vindt u de algemene voorwaarden die van toepassing zijn op uw boeking en reisarrangementen bij ons. Lees ze aandachtig door en neem contact met ons op als u vragen hebt. <\/span><\/p>\t\t\t\t\t\t\t\t<\/div>\n\t\t\t\t<\/div>\n\t\t\t\t<div class=\"elementor-element elementor-element-c0b5128 elementor-widget elementor-widget-heading\" data-id=\"c0b5128\" data-element_type=\"widget\" data-e-type=\"widget\" data-widget_type=\"heading.default\">\n\t\t\t\t<div class=\"elementor-widget-container\">\n\t\t\t\t\t<h3 class=\"elementor-heading-title elementor-size-default\">Reserverings- en betalingsvoorwaarden<\/h3>\t\t\t\t<\/div>\n\t\t\t\t<\/div>\n\t\t\t\t<div class=\"elementor-element elementor-element-ec7583c elementor-widget elementor-widget-text-editor\" data-id=\"ec7583c\" data-element_type=\"widget\" data-e-type=\"widget\" data-widget_type=\"text-editor.default\">\n\t\t\t\t<div class=\"elementor-widget-container\">\n\t\t\t\t\t\t\t\t\t<p><strong>Reserveringsbevestiging:<\/strong><\/p><p>Uw reservering is compleet en bevestigd zodra GiliTA zowel de aanbetaling als de benodigde ingevulde formulieren van elke passagier heeft ontvangen. Dit omvat:<\/p><ul><li>Offerte<\/li><li>Routebeschrijving<\/li><li>Factuur<\/li><li>Reisvoorstel<\/li><\/ul><p><strong>Betalingsreferentie:<\/strong><\/p><p><span style=\"font-weight: 400;\">Betalingen dienen in \u00e9\u00e9n overschrijving per groep te worden gedaan, waarbij duidelijk de data en pakketnaam worden vermeld. Bijvoorbeeld: Bali Scuba Safari, 11 okt. 2016 \u2013 26 okt. 2016. <\/span><\/p><p><strong>Munteenheid:<\/strong><\/p><p><span style=\"font-weight: 400;\">Alle prijzen zijn vermeld in Indonesische roepia (IDR). De dagelijkse wisselkoers, zoals verstrekt door <\/span> <a href=\"https:\/\/www.xe.com\" target=\"_blank\" rel=\"noopener\">xe.com<\/a>, <span style=\"font-weight: 400;\">applies for conversions.<\/span><\/p><p><strong>Borg:<\/strong><\/p><p><span style=\"font-weight: 400;\">Een aanbetaling van 50% is vereist binnen 7 dagen om de boeking te bevestigen. Als de aanbetaling niet wordt ontvangen, behoudt GiliTA\u00a0 zich het recht voor om de boeking te annuleren. <\/span><\/p><p><strong>Laatste betaling:<\/strong><\/p><p><span style=\"font-weight: 400;\">De resterende 50% van de volledige betaling dient 90 dagen voor vertrek te worden voldaan.<\/span><\/p><p><strong>Single Supplement:<\/strong><\/p><p><span style=\"font-weight: 400;\">Toeslagen voor eenpersoonskamers zijn op aanvraag beschikbaar.<\/span><\/p><p><strong>Ongebruikte diensten:<\/strong><\/p><p><span style=\"font-weight: 400;\">Ongebruikte services zijn niet-restitueerbaar en niet-overdraagbaar, afhankelijk van de algemene voorwaarden van onze partners. Uitzonderingen kunnen op verzoek van toepassing zijn. <\/span><\/p>\t\t\t\t\t\t\t\t<\/div>\n\t\t\t\t<\/div>\n\t\t\t\t<div class=\"elementor-element elementor-element-2c80590 elementor-widget-divider--view-line elementor-widget elementor-widget-divider\" data-id=\"2c80590\" data-element_type=\"widget\" data-e-type=\"widget\" data-widget_type=\"divider.default\">\n\t\t\t\t<div class=\"elementor-widget-container\">\n\t\t\t\t\t\t\t<div class=\"elementor-divider\">\n\t\t\t<span class=\"elementor-divider-separator\">\n\t\t\t\t\t\t<\/span>\n\t\t<\/div>\n\t\t\t\t\t\t<\/div>\n\t\t\t\t<\/div>\n\t\t\t\t<div class=\"elementor-element elementor-element-18e67be elementor-widget elementor-widget-heading\" data-id=\"18e67be\" data-element_type=\"widget\" data-e-type=\"widget\" data-widget_type=\"heading.default\">\n\t\t\t\t<div class=\"elementor-widget-container\">\n\t\t\t\t\t<h3 class=\"elementor-heading-title elementor-size-default\">Betaalmethoden<\/h3>\t\t\t\t<\/div>\n\t\t\t\t<\/div>\n\t\t\t\t<div class=\"elementor-element elementor-element-94f8df0 elementor-widget elementor-widget-text-editor\" data-id=\"94f8df0\" data-element_type=\"widget\" data-e-type=\"widget\" data-widget_type=\"text-editor.default\">\n\t\t\t\t<div class=\"elementor-widget-container\">\n\t\t\t\t\t\t\t\t\t<p><strong>Bankoverschrijvingen:<\/strong><\/p><p><span style=\"font-weight: 400;\">Alle bankkosten met betrekking tot uw overschrijving zijn uw verantwoordelijkheid. Zorg ervoor dat uw bank de meest effici\u00ebnte methode voor de overschrijving gebruikt. Betalingen dienen in \u00e9\u00e9n overschrijving per groep te worden gedaan met duidelijke verwijzing naar de data en pakketnaam. <\/span><\/p><p><strong>PayPal &amp; Creditcardbetalingen:<\/strong><\/p><p><span style=\"font-weight: 400;\">Er geldt een toeslag van 3% tot 6,5%. Zorg ervoor dat de data en pakketnaam duidelijk worden vermeld bij het gebruik van PayPal. We accepteren creditcards op locatie, maar niet online. <\/span><\/p><p><strong>EUR\/USD-notities:<\/strong><\/p><p><span style=\"font-weight: 400;\">Bankbiljetten ouder dan 2006 worden niet geaccepteerd in Indonesi\u00eb. Zorg ervoor dat uw bankbiljetten nieuw zijn en vrij van penstrepen of postzegels. <\/span><\/p>\t\t\t\t\t\t\t\t<\/div>\n\t\t\t\t<\/div>\n\t\t\t\t<div class=\"elementor-element elementor-element-f249707 elementor-widget-divider--view-line elementor-widget elementor-widget-divider\" data-id=\"f249707\" data-element_type=\"widget\" data-e-type=\"widget\" data-widget_type=\"divider.default\">\n\t\t\t\t<div class=\"elementor-widget-container\">\n\t\t\t\t\t\t\t<div class=\"elementor-divider\">\n\t\t\t<span class=\"elementor-divider-separator\">\n\t\t\t\t\t\t<\/span>\n\t\t<\/div>\n\t\t\t\t\t\t<\/div>\n\t\t\t\t<\/div>\n\t\t\t\t<div class=\"elementor-element elementor-element-d05b1bc elementor-widget elementor-widget-heading\" data-id=\"d05b1bc\" data-element_type=\"widget\" data-e-type=\"widget\" data-widget_type=\"heading.default\">\n\t\t\t\t<div class=\"elementor-widget-container\">\n\t\t\t\t\t<h3 class=\"elementor-heading-title elementor-size-default\">Verzekering<\/h3>\t\t\t\t<\/div>\n\t\t\t\t<\/div>\n\t\t\t\t<div class=\"elementor-element elementor-element-c9a0601 elementor-widget elementor-widget-text-editor\" data-id=\"c9a0601\" data-element_type=\"widget\" data-e-type=\"widget\" data-widget_type=\"text-editor.default\">\n\t\t\t\t<div class=\"elementor-widget-container\">\n\t\t\t\t\t\t\t\t\t<p><strong>Aanbevolen verzekeringspolissen:<\/strong><\/p>\n<ul>\n<li>Reisverzekering<\/li>\n<li>Medische verzekering<\/li>\n<li>Duikverzekering<\/li>\n<li>Bagageverzekering<\/li>\n<li>Reisannuleringsverzekering<\/li>\n<\/ul>\n<p><strong>Annuleringsverzekering voor reizen:<\/strong><\/p>\n<p>Zorg ervoor dat uw verzekering de annuleringskosten dekt die ontstaan door ziekte, verlies van werk, een ongeval, overlijden van een familielid, etc. Ook moet de verzekering dekking bieden voor repatri\u00ebringskosten, vervroegde terugkeer, ziekenhuiskosten, etc. <\/p>\n<\/p>\n<p><strong>Medische en duikverzekering:<\/strong><\/p>\n<p>Verplichte verzekering dekt assistentie, medische kosten, openbare aansprakelijkheid en ongevallen. Wij ondersteunen DAN, de grootste vereniging die zich toelegt op duikveiligheid. <\/p>\n<\/p>\n<p><strong>Verantwoordelijkheid van passagiers:<\/strong><\/p>\n<p>Passagiers zijn zelf verantwoordelijk voor alle verplichtingen die met de reis te maken hebben, waaronder het verkrijgen van een visum, een geldige verzekering en het afhandelen van douaneformaliteiten.<\/p>\n\t\t\t\t\t\t\t\t<\/div>\n\t\t\t\t<\/div>\n\t\t\t\t<div class=\"elementor-element elementor-element-640bdc3 elementor-widget-divider--view-line elementor-widget elementor-widget-divider\" data-id=\"640bdc3\" data-element_type=\"widget\" data-e-type=\"widget\" data-widget_type=\"divider.default\">\n\t\t\t\t<div class=\"elementor-widget-container\">\n\t\t\t\t\t\t\t<div class=\"elementor-divider\">\n\t\t\t<span class=\"elementor-divider-separator\">\n\t\t\t\t\t\t<\/span>\n\t\t<\/div>\n\t\t\t\t\t\t<\/div>\n\t\t\t\t<\/div>\n\t\t\t\t<div class=\"elementor-element elementor-element-f001425 elementor-widget elementor-widget-heading\" data-id=\"f001425\" data-element_type=\"widget\" data-e-type=\"widget\" data-widget_type=\"heading.default\">\n\t\t\t\t<div class=\"elementor-widget-container\">\n\t\t\t\t\t<h3 class=\"elementor-heading-title elementor-size-default\">Annulering en tariefwijzigingen<\/h3>\t\t\t\t<\/div>\n\t\t\t\t<\/div>\n\t\t\t\t<div class=\"elementor-element elementor-element-7002028 elementor-widget elementor-widget-text-editor\" data-id=\"7002028\" data-element_type=\"widget\" data-e-type=\"widget\" data-widget_type=\"text-editor.default\">\n\t\t\t\t<div class=\"elementor-widget-container\">\n\t\t\t\t\t\t\t\t\t<p><strong>Annuleringsbeleid:<\/strong><\/p><p>Alle betalingen worden niet terugbetaald, tenzij gedekt door uw verzekering. Als u moet annuleren, neem dan contact op met GiliTA. Door onze voorwaarden te accepteren, accepteert u ook de voorwaarden van onze partners. Annuleringskosten zijn de verantwoordelijkheid van de passagier. Eventueel resterend tegoed na annuleringskosten kan op een ander moment worden hergebruikt, als GiliTA dit accepteerd. Er worden administratiekosten in rekening gebracht voor geleverde diensten.<\/p><p><strong>Reiswijzigingen:<\/strong><\/p><p>Het wijzigen, verkorten of verminderen van het aantal passagiers in een reis wordt beschouwd als een annulering en is niet restitueerbaar. Neem contact op met het GiliTA-team voor mogelijke regelingen.<\/p><p><strong>Vluchtannuleringen of vertragingen:<\/strong><\/p><p>We kunnen geen betalingen terugbetalen vanwege geannuleerde vluchten of vertragingen. Deze kosten zijn de verantwoordelijkheid van de passagier, tenzij gedekt door een verzekering.<\/p><p><strong>Annulering door GiliTA:<\/strong><\/p><ul><li>Overmacht: GiliTA kan een reis annuleren vanwege overmacht, zoals stakingen, onrust, instructies van de overheid of andere beperkende factoren.<\/li><li>Onvermijdelijke redenen: GiliTA behoudt zich het recht voor om de reis te annuleren om onvermijdelijke redenen en zal de klant zo snel mogelijk informeren.<\/li><li>Geen restitutiebeleid: GiliTA biedt geen restituties voor extra kosten die door reisgenoten zijn gemaakt vanwege annuleringen. GiliTA fungeert als tussenpersoon en kan niet aansprakelijk worden gesteld.<\/li><\/ul>\t\t\t\t\t\t\t\t<\/div>\n\t\t\t\t<\/div>\n\t\t\t\t<div class=\"elementor-element elementor-element-93094ad elementor-widget-divider--view-line elementor-widget elementor-widget-divider\" data-id=\"93094ad\" data-element_type=\"widget\" data-e-type=\"widget\" data-widget_type=\"divider.default\">\n\t\t\t\t<div class=\"elementor-widget-container\">\n\t\t\t\t\t\t\t<div class=\"elementor-divider\">\n\t\t\t<span class=\"elementor-divider-separator\">\n\t\t\t\t\t\t<\/span>\n\t\t<\/div>\n\t\t\t\t\t\t<\/div>\n\t\t\t\t<\/div>\n\t\t\t\t<div class=\"elementor-element elementor-element-2b20b84 elementor-widget elementor-widget-heading\" data-id=\"2b20b84\" data-element_type=\"widget\" data-e-type=\"widget\" data-widget_type=\"heading.default\">\n\t\t\t\t<div class=\"elementor-widget-container\">\n\t\t\t\t\t<h3 class=\"elementor-heading-title elementor-size-default\">Betrouwbaarheid<\/h3>\t\t\t\t<\/div>\n\t\t\t\t<\/div>\n\t\t\t\t<div class=\"elementor-element elementor-element-8b6c456 elementor-widget elementor-widget-text-editor\" data-id=\"8b6c456\" data-element_type=\"widget\" data-e-type=\"widget\" data-widget_type=\"text-editor.default\">\n\t\t\t\t<div class=\"elementor-widget-container\">\n\t\t\t\t\t\t\t\t\t<p><strong>Schade of verlies:<\/strong><\/p>\n<p><span style=\"font-weight: 400;\">Passagiers zijn aansprakelijk voor eventuele schade of verlies die tijdens hun verblijf wordt veroorzaakt.<\/span><\/p>\n<\/p>\n<p><strong>Dienstverlening:<\/strong><\/p>\n<p><span style=\"font-weight: 400;\">GiliTA kan niet aansprakelijk worden gesteld voor het niet kunnen leveren van de verwachte diensten als gevolg van wanprestaties van externe contractanten, conflicten of ernstige oncontroleerbare problemen.<\/span><\/p>\n<\/p>\n<p><strong>Persoonlijke bezittingen:<\/strong><\/p>\n<p><span style=\"font-weight: 400;\">GiliTA is niet aansprakelijk voor verlies of beschadiging van persoonlijke eigendommen.<\/span><\/p>\n<\/p>\n<p><strong>Ongevallen of verwondingen:<\/strong><\/p>\n<p><span style=\"font-weight: 400;\">GiliTA is niet aansprakelijk voor ongevallen of verwondingen tijdens de reis.<\/span><\/p>\n<\/p>\n<p><strong>Regelingen voor vliegreizen:<\/strong><\/p>\n<p><span style=\"font-weight: 400;\">GiliTA is niet aansprakelijk voor schadeclaims met betrekking tot vliegreizen.<\/span><\/p>\n<\/p>\n<p><strong>Wijzigingen in de reisroute:<\/strong><\/p>\n<p><span style=\"font-weight: 400;\">Activiteiten en routes kunnen zonder voorafgaande kennisgeving worden gewijzigd om de veiligheid van passagiers te waarborgen, bijvoorbeeld vanwege weersomstandigheden, technische problemen of andere beperkende factoren.<\/span><\/p>\n<\/p>\n<p><strong>Weer- en zeeomstandigheden:<\/strong><\/p>\n<p><span style=\"font-weight: 400;\">GiliTA kan niet aansprakelijk worden gesteld voor vertragingen, omleidingen of wijzigingen als gevolg van het weer, de zeeomstandigheden, overheidsmaatregelen, ziekte of overmacht.<\/span><\/p>\n\t\t\t\t\t\t\t\t<\/div>\n\t\t\t\t<\/div>\n\t\t\t\t<div class=\"elementor-element elementor-element-4935eb3 elementor-widget-divider--view-line elementor-widget elementor-widget-divider\" data-id=\"4935eb3\" data-element_type=\"widget\" data-e-type=\"widget\" data-widget_type=\"divider.default\">\n\t\t\t\t<div class=\"elementor-widget-container\">\n\t\t\t\t\t\t\t<div class=\"elementor-divider\">\n\t\t\t<span class=\"elementor-divider-separator\">\n\t\t\t\t\t\t<\/span>\n\t\t<\/div>\n\t\t\t\t\t\t<\/div>\n\t\t\t\t<\/div>\n\t\t\t\t<div class=\"elementor-element elementor-element-47634ac elementor-widget elementor-widget-text-editor\" data-id=\"47634ac\" data-element_type=\"widget\" data-e-type=\"widget\" data-widget_type=\"text-editor.default\">\n\t\t\t\t<div class=\"elementor-widget-container\">\n\t\t\t\t\t\t\t\t\t<p><span style=\"font-weight: 400;\">Voor vragen over deze algemene voorwaarden kunt u contact opnemen met het GiliTA \u2013 PT. Ayo Merasa Bebas-team via e-mail op [AskJulie@GiliTA .com](mailto:AskJulie@GiliTA.com) of op Skype via SkypeGiliTA. <\/span><\/p>\n<p><span style=\"font-weight: 400;\">Door het boeken en invullen van het GiliTA \u2013 PT. Ayo Merasa Bebas registratieformulier, bevestigt elke passagier dat hij\/zij deze algemene voorwaarden heeft gelezen en geaccepteerd. <\/span><\/p>\n<\/p>\n<p><span style=\"font-weight: 400;\">Wij kijken ernaar uit om uw reiservaring buitengewoon te maken!<\/span><\/p>\n\t\t\t\t\t\t\t\t<\/div>\n\t\t\t\t<\/div>\n\t\t\t\t\t<\/div>\n\t\t\t\t<\/div>\n\t\t\t\t<\/div>\n\t\t","protected":false},"excerpt":{"rendered":"<p>ALGEMENE VOORWAARDEN GiliTA \u2013 Gili Travel Agency Welkom bij GiliTA! Hieronder vindt u de algemene voorwaarden die van toepassing zijn op uw boeking en reisarrangementen bij ons. Lees ze aandachtig door en neem contact met ons op als u vragen hebt. Reserverings- en betalingsvoorwaarden Reserveringsbevestiging: Uw reservering is compleet en bevestigd zodra GiliTA zowel de [&hellip;]<\/p>\n","protected":false},"author":1,"featured_media":0,"parent":0,"menu_order":0,"comment_status":"closed","ping_status":"closed","template":"","meta":{"footnotes":""},"class_list":["post-1525","page","type-page","status-publish","hentry"],"_links":{"self":[{"href":"https:\/\/gilita.com\/nl\/wp-json\/wp\/v2\/pages\/1525","targetHints":{"allow":["GET"]}}],"collection":[{"href":"https:\/\/gilita.com\/nl\/wp-json\/wp\/v2\/pages"}],"about":[{"href":"https:\/\/gilita.com\/nl\/wp-json\/wp\/v2\/types\/page"}],"author":[{"embeddable":true,"href":"https:\/\/gilita.com\/nl\/wp-json\/wp\/v2\/users\/1"}],"replies":[{"embeddable":true,"href":"https:\/\/gilita.com\/nl\/wp-json\/wp\/v2\/comments?post=1525"}],"version-history":[{"count":7,"href":"https:\/\/gilita.com\/nl\/wp-json\/wp\/v2\/pages\/1525\/revisions"}],"predecessor-version":[{"id":1733,"href":"https:\/\/gilita.com\/nl\/wp-json\/wp\/v2\/pages\/1525\/revisions\/1733"}],"wp:attachment":[{"href":"https:\/\/gilita.com\/nl\/wp-json\/wp\/v2\/media?parent=1525"}],"curies":[{"name":"wp","href":"https:\/\/api.w.org\/{rel}","templated":true}]}}